{"id":238,"date":"2022-03-23T15:35:35","date_gmt":"2022-03-23T21:35:35","guid":{"rendered":"https:\/\/www.worldofsmilesdentistry.com\/?page_id=238"},"modified":"2025-05-20T12:41:44","modified_gmt":"2025-05-20T18:41:44","slug":"ofertas-especiales","status":"publish","type":"page","link":"https:\/\/www.worldofsmilesdentistry.com\/es\/patients\/special-offers\/","title":{"rendered":"Ofertas especiales"},"content":{"rendered":"[et_pb_section fb_built=&#8221;1&#8243; fullwidth=&#8221;on&#8221; admin_label=&#8221;Inner Page Header Section&#8221; _builder_version=&#8221;4.22.2&#8243; _module_preset=&#8221;default&#8221; background_color=&#8221;RGBA(255,255,255,0)&#8221; use_background_color_gradient=&#8221;on&#8221; background_color_gradient_type=&#8221;circular&#8221; background_color_gradient_direction_radial=&#8221;bottom right&#8221; background_color_gradient_stops=&#8221;#5cc8b8 0%|#266bb4 40%&#8221; background_image=&#8221;https:\/\/www.worldofsmilesdentistry.com\/wp-content\/uploads\/2023\/10\/StarBackground3.png&#8221; parallax=&#8221;on&#8221; bottom_divider_style=&#8221;curve&#8221; bottom_divider_color=&#8221;#ffffff&#8221; bottom_divider_height=&#8221;50px&#8221; bottom_divider_flip=&#8221;horizontal&#8221; global_module=&#8221;63&#8243; saved_tabs=&#8221;all&#8221; global_colors_info=&#8221;{}&#8221;][et_pb_fullwidth_header title=&#8221;@ET-DC@eyJkeW5hbWljIjp0cnVlLCJjb250ZW50IjoicG9zdF90aXRsZSIsInNldHRpbmdzIjp7ImJlZm9yZSI6IjxoMT4iLCJhZnRlciI6IjwvaDE+In19@&#8221; text_orientation=&#8221;center&#8221; disabled_on=&#8221;off|off|off&#8221; module_class=&#8221;lwp-header-link&#8221; _builder_version=&#8221;4.25.1&#8243; _dynamic_attributes=&#8221;title&#8221; _module_preset=&#8221;default&#8221; subhead_font_size=&#8221;20px&#8221; background_enable_color=&#8221;off&#8221; custom_button_one=&#8221;on&#8221; button_one_text_color=&#8221;#FFFFFF&#8221; button_one_bg_color=&#8221;#ED8200&#8243; button_one_border_color=&#8221;#ED8200&#8243; button_one_icon=&#8221;&#xe023;||divi||400&#8243; link_option_url_new_window=&#8221;on&#8221; global_colors_info=&#8221;{}&#8221;][\/et_pb_fullwidth_header][\/et_pb_section][et_pb_section fb_built=&#8221;1&#8243; admin_label=&#8221;section&#8221; _builder_version=&#8221;4.16&#8243; global_colors_info=&#8221;{}&#8221;][et_pb_row column_structure=&#8221;1_3,2_3&#8243; make_equal=&#8221;on&#8221; admin_label=&#8221;row&#8221; _builder_version=&#8221;4.16&#8243; background_size=&#8221;initial&#8221; background_position=&#8221;top_left&#8221; background_repeat=&#8221;repeat&#8221; global_colors_info=&#8221;{}&#8221;][et_pb_column type=&#8221;1_3&#8243; _builder_version=&#8221;4.16&#8243; custom_padding=&#8221;|||&#8221; global_colors_info=&#8221;{}&#8221; custom_padding__hover=&#8221;|||&#8221;][et_pb_text _builder_version=&#8221;4.25.1&#8243; _module_preset=&#8221;default&#8221; link_text_color=&#8221;#266BB4&#8243; custom_padding=&#8221;10px||||false|false&#8221; global_module=&#8221;3345&#8243; saved_tabs=&#8221;all&#8221; global_colors_info=&#8221;{}&#8221;]<div class=\"aioseo-breadcrumbs\"><span class=\"aioseo-breadcrumb\">\n\t<a href=\"https:\/\/www.worldofsmilesdentistry.com\/es\" title=\"Home\">Home<\/a>\n<\/span><span class=\"aioseo-breadcrumb-separator\">&raquo;<\/span><span class=\"aioseo-breadcrumb\">\n\t<a href=\"https:\/\/www.worldofsmilesdentistry.com\/es\/patients\/\" title=\"Patients\">Patients<\/a>\n<\/span><span class=\"aioseo-breadcrumb-separator\">&raquo;<\/span><span class=\"aioseo-breadcrumb\">\n\tSpecial Offers\n<\/span><\/div>\n[\/et_pb_text][et_pb_image src=&#8221;@ET-DC@eyJkeW5hbWljIjp0cnVlLCJjb250ZW50IjoicG9zdF9mZWF0dXJlZF9pbWFnZSIsInNldHRpbmdzIjp7fX0=@&#8221; align=&#8221;center&#8221; disabled_on=&#8221;on|on|off&#8221; _builder_version=&#8221;4.17.4&#8243; _dynamic_attributes=&#8221;src&#8221; _module_preset=&#8221;default&#8221; global_colors_info=&#8221;{}&#8221;][\/et_pb_image][\/et_pb_column][et_pb_column type=&#8221;2_3&#8243; _builder_version=&#8221;4.16&#8243; custom_padding=&#8221;|||&#8221; custom_css_main_element=&#8221;margin:auto&#8221; global_colors_info=&#8221;{}&#8221; custom_padding__hover=&#8221;|||&#8221;][et_pb_text admin_label=&#8221;Text&#8221; _builder_version=&#8221;4.25.1&#8243; header_2_text_color=&#8221;#266BB4&#8243; background_size=&#8221;initial&#8221; background_position=&#8221;top_left&#8221; background_repeat=&#8221;repeat&#8221; global_colors_info=&#8221;{%22gcid-c445528e-fdda-4756-a680-c3b6facd008c%22:%91%22header_text_color%22%93,%22gcid-bcab1de6-d518-42f8-9cd7-c94628301af0%22:%91%22header_3_text_color%22,%22header_6_text_color%22%93,%22gcid-0e0a12e2-5d2f-4464-8845-4b0c25f2f4b9%22:%91%22header_4_text_color%22,%22header_5_text_color%22%93}&#8221;]<h2>Special Offers for New and Current Patients<\/h2>\n<p>Are you looking for a new children&#8217;s dentist in your area?\u00a0 World of Smiles is proud to offer the following special offers for new and existing patients.\u00a0 To claim these offers, please print the coupon and bring it with you to your scheduled appointment. You should also mention this offer when scheduling your appointment so our team is aware of it.<\/p>\n<p>Do you have questions about any of the special offers listed on this page? Don&#8217;t hesitate to contact us today and let our friendly team help you.<\/p>\n<p><\/p>[\/et_pb_text][\/et_pb_column][\/et_pb_row][et_pb_row _builder_version=&#8221;4.17.4&#8243; _module_preset=&#8221;default&#8221; global_colors_info=&#8221;{}&#8221; column_structure=&#8221;1_4,1_2,1_4&#8243;][et_pb_column type=&#8221;1_4&#8243; _builder_version=&#8221;4.17.4&#8243; _module_preset=&#8221;default&#8221; global_colors_info=&#8221;{}&#8221;][et_pb_cta title=&#8221;$59 New Patient Special&#8221; button_url=&#8221;@ET-DC@eyJkeW5hbWljIjp0cnVlLCJjb250ZW50IjoicG9zdF9saW5rX3VybF9wYWdlIiwic2V0dGluZ3MiOnsicG9zdF9pZCI6IjI3OTYifX0=@&#8221; url_new_window=&#8221;on&#8221; button_text=&#8221;Claim Offer&#8221; _builder_version=&#8221;4.27.0&#8243; _dynamic_attributes=&#8221;button_url&#8221; _module_preset=&#8221;default&#8221; header_text_color=&#8221;#266BB4&#8243; body_ul_position=&#8221;inside&#8221; background_enable_color=&#8221;off&#8221; background_layout=&#8221;light&#8221; border_width_all=&#8221;5px&#8221; border_color_all=&#8221;#266BB4&#8243; border_style_all=&#8221;dashed&#8221; global_colors_info=&#8221;{}&#8221; disabled_on=&#8221;on|on|on&#8221; disabled=&#8221;on&#8221;]<p>Our $59 New Patient Special* includes the following:<\/p>\n<ul>\n<li>Exam<\/li>\n<li>X-Rays<\/li>\n<li>Cleaning<\/li>\n<li>Fluoride<\/li>\n<\/ul>\n<p>*$59 New Patient Special only available to new patients of World of Smiles. Bring this coupon with you during your visit.<\/p>[\/et_pb_cta][\/et_pb_column][et_pb_column type=&#8221;1_2&#8243; _builder_version=&#8221;4.17.4&#8243; _module_preset=&#8221;default&#8221; global_colors_info=&#8221;{}&#8221;][et_pb_image src=&#8221;https:\/\/www.worldofsmilesdentistry.com\/wp-content\/uploads\/2025\/05\/NP-WebsiteAd_EN.jpg&#8221; _builder_version=&#8221;4.27.2&#8243; _module_preset=&#8221;default&#8221; title_text=&#8221;NP-WebsiteAd_EN&#8221; hover_enabled=&#8221;0&#8243; sticky_enabled=&#8221;0&#8243;][\/et_pb_image][\/et_pb_column][et_pb_column type=&#8221;1_4&#8243; _builder_version=&#8221;4.17.4&#8243; _module_preset=&#8221;default&#8221; global_colors_info=&#8221;{}&#8221;][\/et_pb_column][\/et_pb_row][\/et_pb_section][et_pb_section fb_built=&#8221;1&#8243; prev_background_color=&#8221;#ffffff&#8221; admin_label=&#8221;Inner Page Contact Section&#8221; module_id=&#8221;unap&#8221; _builder_version=&#8221;4.25.1&#8243; _module_preset=&#8221;default&#8221; background_color=&#8221;gcid-bcab1de6-d518-42f8-9cd7-c94628301af0&#8243; top_divider_style=&#8221;waves2&#8243; top_divider_height=&#8221;34px&#8221; top_divider_flip=&#8221;vertical&#8221; global_module=&#8221;466&#8243; saved_tabs=&#8221;all&#8221; global_colors_info=&#8221;{%22gcid-bcab1de6-d518-42f8-9cd7-c94628301af0%22:%91%22background_color%22%93}&#8221;][et_pb_row column_structure=&#8221;1_4,1_4,1_2&#8243; make_equal=&#8221;on&#8221; _builder_version=&#8221;4.16&#8243; _module_preset=&#8221;default&#8221; global_colors_info=&#8221;{}&#8221;][et_pb_column type=&#8221;1_4&#8243; _builder_version=&#8221;4.16&#8243; _module_preset=&#8221;default&#8221; custom_css_main_element=&#8221;margin:auto;&#8221; global_colors_info=&#8221;{}&#8221;][et_pb_text _builder_version=&#8221;4.22.2&#8243; _module_preset=&#8221;default&#8221; header_text_color=&#8221;gcid-07ae3e4c-7cf4-4952-a6be-6bc5a37884d6&#8243; header_2_text_color=&#8221;gcid-07ae3e4c-7cf4-4952-a6be-6bc5a37884d6&#8243; background_layout=&#8221;dark&#8221; global_colors_info=&#8221;{%22gcid-57e391fa-6857-4260-95ac-e00ad1d541a6%22:%91%22header_text_color%22,%22header_3_text_color%22,%22header_4_text_color%22,%22header_3_text_color%22,%22header_4_text_color%22%93,%22gcid-07ae3e4c-7cf4-4952-a6be-6bc5a37884d6%22:%91%22header_text_color%22,%22header_2_text_color%22%93}&#8221;]<h2>Kid&#8217;s Dentist Near You<\/h2>[\/et_pb_text][et_pb_blurb title=&#8221;@ET-DC@eyJkeW5hbWljIjp0cnVlLCJjb250ZW50Ijoic2l0ZV90aXRsZSIsInNldHRpbmdzIjp7ImJlZm9yZSI6IiIsImFmdGVyIjoiIn19@&#8221; url=&#8221;https:\/\/maps.app.goo.gl\/btB2iupw6vxSfxvT7&#8243; url_new_window=&#8221;on&#8221; use_icon=&#8221;on&#8221; font_icon=&#8221;&#xe081;||divi||400&#8243; icon_color=&#8221;#ED8200&#8243; image_icon_width=&#8221;30px&#8221; admin_label=&#8221;Address White&#8221; _builder_version=&#8221;4.27.0&#8243; _dynamic_attributes=&#8221;title&#8221; _module_preset=&#8221;05e68c96-6017-4cdb-8ac1-e22d81800bca&#8221; header_text_color=&#8221;#FFFFFF&#8221; header_font_size=&#8221;20px&#8221; link_option_url=&#8221;https:\/\/maps.app.goo.gl\/btB2iupw6vxSfxvT7&#8243; link_option_url_new_window=&#8221;on&#8221; global_module=&#8221;2916&#8243; saved_tabs=&#8221;all&#8221; global_colors_info=&#8221;{}&#8221;]<p>3865 Phelan Blvd.<br \/>Beaumont, TX 77707<\/p>\n[\/et_pb_blurb][\/et_pb_column][et_pb_column type=&#8221;1_4&#8243; _builder_version=&#8221;4.16&#8243; _module_preset=&#8221;default&#8221; custom_css_main_element=&#8221;margin:auto;&#8221; global_colors_info=&#8221;{}&#8221;][et_pb_blurb title=&#8221;Phone:&#8221; url=&#8221;tel:14098335437&#8243; use_icon=&#8221;on&#8221; font_icon=&#8221;&#xf095;||fa||900&#8243; icon_color=&#8221;#5CC8B8&#8243; image_icon_width=&#8221;30px&#8221; admin_label=&#8221;Phone Light&#8221; _builder_version=&#8221;4.27.0&#8243; _module_preset=&#8221;05e68c96-6017-4cdb-8ac1-e22d81800bca&#8221; header_font_size=&#8221;20px&#8221; link_option_url=&#8221;tel:14098335437&#8243; global_module=&#8221;2918&#8243; saved_tabs=&#8221;all&#8221; global_colors_info=&#8221;{}&#8221;]<p>(409) 833-5437<\/p>\n[\/et_pb_blurb][\/et_pb_column][et_pb_column type=&#8221;1_2&#8243; _builder_version=&#8221;4.16&#8243; _module_preset=&#8221;default&#8221; custom_css_main_element=&#8221;margin:auto;&#8221; global_colors_info=&#8221;{}&#8221;][et_pb_blurb title=&#8221;Hours&#8221; use_icon=&#8221;on&#8221; font_icon=&#8221;&#xf017;||fa||400&#8243; icon_color=&#8221;#3B65B9&#8243; image_icon_width=&#8221;30px&#8221; admin_label=&#8221;Hours Light&#8221; _builder_version=&#8221;4.27.0&#8243; _module_preset=&#8221;05e68c96-6017-4cdb-8ac1-e22d81800bca&#8221; header_font_size=&#8221;20px&#8221; global_module=&#8221;491&#8243; saved_tabs=&#8221;all&#8221; global_colors_info=&#8221;{}&#8221;]<p>Monday: 8:00 AM &#8211; 5:00 PM<br \/>Tuesday: 8:00 AM &#8211; 5:00 PM<br \/>Wednesday: 8:00 AM &#8211; 5:00 PM<br \/>Thursday: 8:00 AM &#8211; 5:00 PM<br \/>Friday: 8:00 AM &#8211; 12:00 PM<br \/>Saturday: Closed<br \/>Sunday: Closed<\/p>\n[\/et_pb_blurb][\/et_pb_column][\/et_pb_row][\/et_pb_section][et_pb_section fb_built=&#8221;1&#8243; admin_label=&#8221;CTA Section&#8221; _builder_version=&#8221;4.25.1&#8243; _module_preset=&#8221;default&#8221; background_enable_image=&#8221;off&#8221; parallax=&#8221;on&#8221; z_index=&#8221;0&#8243; custom_padding=&#8221;||0px||false|false&#8221; top_divider_style=&#8221;waves2&#8243; top_divider_color=&#8221;gcid-bcab1de6-d518-42f8-9cd7-c94628301af0&#8243; top_divider_height=&#8221;50px&#8221; top_divider_height_tablet=&#8221;50px&#8221; top_divider_height_phone=&#8221;50px&#8221; top_divider_height_last_edited=&#8221;on|phone&#8221; bottom_divider_style=&#8221;curve&#8221; bottom_divider_color=&#8221;#5CC8B8&#8243; bottom_divider_height=&#8221;60px&#8221; bottom_divider_height_tablet=&#8221;60px&#8221; bottom_divider_height_phone=&#8221;60px&#8221; bottom_divider_height_last_edited=&#8221;on|phone&#8221; dipl_enable_particle_background=&#8221;on&#8221; dipl_particle_type=&#8221;star&#8221; dipl_particle_number=&#8221;20&#8243; dipl_particle_density=&#8221;500&#8243; dipl_particle_size=&#8221;10&#8243; dipl_particle_color=&#8221;#5CC8B8&#8243; dipl_enable_linked_line=&#8221;off&#8221; dipl_particle_movement_speed=&#8221;1&#8243; dipl_enable_hover_interactivity=&#8221;on&#8221; dipl_hover_mode=&#8221;bubble&#8221; dipl_push_particles_number=&#8221;27&#8243; dipl_bubble_size=&#8221;3&#8243; border_color_all=&#8221;#A9319D&#8221; border_style_all=&#8221;outset&#8221; global_module=&#8221;460&#8243; saved_tabs=&#8221;all&#8221; global_colors_info=&#8221;{%22gcid-bcab1de6-d518-42f8-9cd7-c94628301af0%22:%91%22top_divider_color%22%93}&#8221;][et_pb_row _builder_version=&#8221;4.22.2&#8243; _module_preset=&#8221;default&#8221; custom_padding=&#8221;65px||5px||false|false&#8221; global_colors_info=&#8221;{}&#8221;][et_pb_column type=&#8221;4_4&#8243; _builder_version=&#8221;4.16&#8243; _module_preset=&#8221;default&#8221; global_colors_info=&#8221;{}&#8221;][et_pb_image src=&#8221;https:\/\/www.worldofsmilesdentistry.com\/wp-content\/uploads\/2024\/03\/KidsperienceNoDots.png&#8221; title_text=&#8221;KidsperienceNoDots&#8221; align=&#8221;center&#8221; _builder_version=&#8221;4.22.2&#8243; _module_preset=&#8221;default&#8221; width=&#8221;650px&#8221; width_tablet=&#8221;&#8221; width_phone=&#8221;85%&#8221; width_last_edited=&#8221;on|phone&#8221; animation_style=&#8221;zoom&#8221; animation_duration=&#8221;1250ms&#8221; animation_intensity_zoom=&#8221;70%&#8221; animation_starting_opacity=&#8221;43%&#8221; global_colors_info=&#8221;{}&#8221;][\/et_pb_image][et_pb_text _builder_version=&#8221;4.22.2&#8243; _module_preset=&#8221;default&#8221; header_2_text_color=&#8221;#266BB4&#8243; text_orientation=&#8221;center&#8221; global_colors_info=&#8221;{%22gcid-c445528e-fdda-4756-a680-c3b6facd008c%22:%91%22header_text_color%22%93,%22gcid-bcab1de6-d518-42f8-9cd7-c94628301af0%22:%91%22header_3_text_color%22,%22header_6_text_color%22%93,%22gcid-0e0a12e2-5d2f-4464-8845-4b0c25f2f4b9%22:%91%22header_4_text_color%22,%22header_5_text_color%22%93}&#8221;]<h2>Creating Healthy Habits That Last A Lifetime<\/h2>[\/et_pb_text][\/et_pb_column][\/et_pb_row][et_pb_row disabled_on=&#8221;off|off|off&#8221; _builder_version=&#8221;4.22.2&#8243; _module_preset=&#8221;default&#8221; custom_css_main_element=&#8221;text-align: center !important;&#8221; global_colors_info=&#8221;{}&#8221;][et_pb_column type=&#8221;4_4&#8243; module_class=&#8221;pa-inline-buttons&#8221; _builder_version=&#8221;4.22.2&#8243; _module_preset=&#8221;default&#8221; global_colors_info=&#8221;{}&#8221;][et_pb_button button_url=&#8221;@ET-DC@eyJkeW5hbWljIjp0cnVlLCJjb250ZW50IjoicG9zdF9saW5rX3VybF9wYWdlIiwic2V0dGluZ3MiOnsicG9zdF9pZCI6IjM0MjcifX0=@&#8221; button_text=&#8221;Learn More About Kidsperience&#8221; button_alignment=&#8221;center&#8221; disabled_on=&#8221;on|on|on&#8221; _builder_version=&#8221;4.24.3&#8243; _dynamic_attributes=&#8221;button_url&#8221; _module_preset=&#8221;20f09b79-b9f7-46a9-b778-7d21f6cc4035&#8243; custom_button=&#8221;on&#8221; button_text_color=&#8221;#FFFFFF&#8221; button_bg_color=&#8221;#A9319D&#8221; button_border_color=&#8221;#A9319D&#8221; button_border_color_last_edited=&#8221;off|desktop&#8221; disabled=&#8221;on&#8221; global_colors_info=&#8221;{}&#8221; button_text_color__hover_enabled=&#8221;on|hover&#8221; button_text_color__hover=&#8221;#FFFFFF&#8221; button_border_color__hover_enabled=&#8221;on|hover&#8221; button_border_color__hover=&#8221;#A9319D&#8221;][\/et_pb_button][\/et_pb_column][\/et_pb_row][\/et_pb_section][et_pb_section fb_built=&#8221;1&#8243; next_background_color=&#8221;#FFFFFF&#8221; _builder_version=&#8221;4.25.1&#8243; _module_preset=&#8221;default&#8221; background_color=&#8221;#5CC8B8&#8243; custom_padding=&#8221;30px||0px||false|false&#8221; bottom_divider_style=&#8221;waves&#8221; bottom_divider_height=&#8221;34px&#8221; bottom_divider_height_tablet=&#8221;10px&#8221; bottom_divider_height_phone=&#8221;10px&#8221; bottom_divider_height_last_edited=&#8221;on|phone&#8221; global_module=&#8221;3188&#8243; saved_tabs=&#8221;all&#8221; global_colors_info=&#8221;{}&#8221;][et_pb_row column_structure=&#8221;1_4,1_2,1_4&#8243; make_equal=&#8221;on&#8221; _builder_version=&#8221;4.24.3&#8243; _module_preset=&#8221;default&#8221; background_enable_color=&#8221;off&#8221; custom_padding=&#8221;0px||20px||false|false&#8221; global_colors_info=&#8221;{}&#8221;][et_pb_column type=&#8221;1_4&#8243; _builder_version=&#8221;4.22.2&#8243; _module_preset=&#8221;default&#8221; custom_css_main_element=&#8221;margin: auto;&#8221; global_colors_info=&#8221;{}&#8221;][et_pb_blurb title=&#8221;Call Our Office Today!&#8221; url=&#8221;tel:14098335437&#8243; use_icon=&#8221;on&#8221; font_icon=&#8221;&#xf095;||fa||900&#8243; icon_color=&#8221;#FFFFFF&#8221; icon_placement=&#8221;top&#8221; image_icon_width=&#8221;45px&#8221; _builder_version=&#8221;4.27.0&#8243; _module_preset=&#8221;default&#8221; header_text_align=&#8221;center&#8221; header_text_color=&#8221;#FFFFFF&#8221; header_font_size=&#8221;24px&#8221; body_font=&#8221;|600|||||||&#8221; body_text_align=&#8221;center&#8221; body_text_color=&#8221;#FFFFFF&#8221; body_font_size=&#8221;25px&#8221; background_enable_color=&#8221;off&#8221; link_option_url=&#8221;tel:14098335437&#8243; global_colors_info=&#8221;{}&#8221;]<p>(409) 833-5437<\/p>[\/et_pb_blurb][\/et_pb_column][et_pb_column type=&#8221;1_2&#8243; _builder_version=&#8221;4.22.2&#8243; _module_preset=&#8221;default&#8221; global_colors_info=&#8221;{}&#8221;][et_pb_image src=&#8221;https:\/\/www.worldofsmilesdentistry.com\/wp-content\/uploads\/2024\/06\/Footer-Castle.png&#8221; title_text=&#8221;Footer-Castle&#8221; align=&#8221;center&#8221; disabled_on=&#8221;on|on|off&#8221; _builder_version=&#8221;4.25.1&#8243; _module_preset=&#8221;default&#8221; width=&#8221;250px&#8221; global_colors_info=&#8221;{}&#8221;][\/et_pb_image][\/et_pb_column][et_pb_column type=&#8221;1_4&#8243; _builder_version=&#8221;4.22.2&#8243; _module_preset=&#8221;default&#8221; custom_css_main_element=&#8221;margin: auto;&#8221; global_colors_info=&#8221;{}&#8221;][et_pb_blurb title=&#8221;Schedule An Appointment&#8221; url=&#8221;https:\/\/www.appointnow.com\/?P=2883&#038;O=147&#038;PT=0&#8243; url_new_window=&#8221;on&#8221; use_icon=&#8221;on&#8221; font_icon=&#8221;&#xe023;||divi||400&#8243; icon_color=&#8221;#FFFFFF&#8221; icon_placement=&#8221;top&#8221; image_icon_width=&#8221;45px&#8221; _builder_version=&#8221;4.27.0&#8243; _module_preset=&#8221;default&#8221; header_text_align=&#8221;center&#8221; header_text_color=&#8221;#FFFFFF&#8221; header_font_size=&#8221;24px&#8221; body_font=&#8221;|600|||||||&#8221; body_text_align=&#8221;center&#8221; body_text_color=&#8221;#FFFFFF&#8221; body_font_size=&#8221;25px&#8221; background_enable_color=&#8221;off&#8221; z_index=&#8221;10&#8243; link_option_url=&#8221;https:\/\/www.appointnow.com\/?P=2883&#038;O=147&#038;PT=0&#8243; link_option_url_new_window=&#8221;on&#8221; global_colors_info=&#8221;{}&#8221;]<p>Schedule Now!<\/p>[\/et_pb_blurb][\/et_pb_column][\/et_pb_row][\/et_pb_section]<!-- \/wp:post-content -->","protected":false},"excerpt":{"rendered":"<p>World of Smiles cuenta con diversas ofertas especiales a disposici\u00f3n de nuestros pacientes. A continuaci\u00f3n encontrar\u00e1s m\u00e1s informaci\u00f3n sobre las promociones disponibles en este momento.<\/p>","protected":false},"author":2,"featured_media":421,"parent":74,"menu_order":0,"comment_status":"closed","ping_status":"closed","template":"","meta":{"_et_pb_use_builder":"on","_et_pb_old_content":"","_et_gb_content_width":"","_monsterinsights_skip_tracking":false,"_monsterinsights_sitenote_active":false,"_monsterinsights_sitenote_note":"","_monsterinsights_sitenote_category":0,"footnotes":""},"class_list":["post-238","page","type-page","status-publish","has-post-thumbnail","hentry"],"aioseo_notices":[],"_links":{"self":[{"href":"https:\/\/www.worldofsmilesdentistry.com\/es\/wp-json\/wp\/v2\/pages\/238","targetHints":{"allow":["GET"]}}],"collection":[{"href":"https:\/\/www.worldofsmilesdentistry.com\/es\/wp-json\/wp\/v2\/pages"}],"about":[{"href":"https:\/\/www.worldofsmilesdentistry.com\/es\/wp-json\/wp\/v2\/types\/page"}],"author":[{"embeddable":true,"href":"https:\/\/www.worldofsmilesdentistry.com\/es\/wp-json\/wp\/v2\/users\/2"}],"replies":[{"embeddable":true,"href":"https:\/\/www.worldofsmilesdentistry.com\/es\/wp-json\/wp\/v2\/comments?post=238"}],"version-history":[{"count":0,"href":"https:\/\/www.worldofsmilesdentistry.com\/es\/wp-json\/wp\/v2\/pages\/238\/revisions"}],"up":[{"embeddable":true,"href":"https:\/\/www.worldofsmilesdentistry.com\/es\/wp-json\/wp\/v2\/pages\/74"}],"wp:featuredmedia":[{"embeddable":true,"href":"https:\/\/www.worldofsmilesdentistry.com\/es\/wp-json\/wp\/v2\/media\/421"}],"wp:attachment":[{"href":"https:\/\/www.worldofsmilesdentistry.com\/es\/wp-json\/wp\/v2\/media?parent=238"}],"curies":[{"name":"wp","href":"https:\/\/api.w.org\/{rel}","templated":true}]}}