{"id":270,"date":"2022-03-30T15:29:42","date_gmt":"2022-03-30T21:29:42","guid":{"rendered":"https:\/\/www.worldofsmilesdentistry.com\/?page_id=270"},"modified":"2024-08-13T12:22:43","modified_gmt":"2024-08-13T18:22:43","slug":"odontologia-bajo-sedacion-para-ninos","status":"publish","type":"page","link":"https:\/\/www.worldofsmilesdentistry.com\/es\/services\/general-dentist-for-children\/sedation-dentistry\/","title":{"rendered":"Odontolog\u00eda bajo sedaci\u00f3n para ni\u00f1os"},"content":{"rendered":"<h2>Odontolog\u00eda bajo sedaci\u00f3n para ni\u00f1os en Beaumont, TX<\/h2>\n<p>Las visitas al dentista deben ser agradables, no provocar ansiedad y resultar seguras tanto para los ni\u00f1os como para sus padres. Tu hijo notar\u00e1 enseguida la decoraci\u00f3n divertida y el ambiente acogedor de nuestra consulta. Tambi\u00e9n utilizamos t\u00e9cnicas pensadas para los ni\u00f1os, como ponernos cara a cara con los pacientes m\u00e1s peque\u00f1os al hablarles y expresarnos en t\u00e9rminos f\u00e1ciles de entender para su edad, ya sean ni\u00f1os peque\u00f1os o adultos j\u00f3venes. Para mantener a los pacientes tranquilos y c\u00f3modos durante los tratamientos odontol\u00f3gicos, nuestro dentista infantil puede sugerir una sedaci\u00f3n odontol\u00f3gica.<\/p>\n<blockquote>\n<h5><em> <img loading=\"lazy\" decoding=\"async\" class=\"alignnone wp-image-3764\" src=\"https:\/\/www.worldofsmilesdentistry.com\/wp-content\/uploads\/2024\/07\/lightbulb.png\" alt=\"\" width=\"35\" height=\"35\" srcset=\"https:\/\/www.worldofsmilesdentistry.com\/wp-content\/uploads\/2024\/07\/lightbulb.png 64w, https:\/\/www.worldofsmilesdentistry.com\/wp-content\/uploads\/2024\/07\/lightbulb-12x12.png 12w\" sizes=\"(max-width: 35px) 100vw, 35px\" \/>\u00bfSAB\u00cdAS QU\u00c9? <\/em><\/h5>\n<p>El 75% de la poblaci\u00f3n mundial ha sufrido ansiedad entre leve y grave durante un procedimiento odontol\u00f3gico.<\/p><\/blockquote>\n<h2>\u00bfQu\u00e9 es la odontolog\u00eda bajo sedaci\u00f3n?<\/h2>\n<p>La odontolog\u00eda bajo sedaci\u00f3n para ni\u00f1os les ayuda a relajarse, reduciendo al m\u00ednimo o eliminando las molestias durante los tratamientos dentales. Estas son algunas de las opciones de sedaci\u00f3n que pueden utilizarse:<\/p>\n<ul>\n<li><strong>El \u00f3xido nitroso (gas de la risa)<\/strong> reduce la ansiedad y las molestias del paciente. Se coloca una mascarilla sobre la nariz para administrar la cantidad adecuada de \u00f3xido nitroso, mientras controlamos el nivel de confort y las constantes vitales del ni\u00f1o durante la intervenci\u00f3n. Cuando apagamos el gas hilarante y administramos ox\u00edgeno puro, los efectos sedantes desaparecen r\u00e1pidamente. Tu hijo puede volver al colegio, jugar o realizar sus actividades habituales despu\u00e9s de la visita.<\/li>\n<li><strong>La sedaci\u00f3n IV (intravenosa)<\/strong> is provided in some situations. We administer IV sedation directly into the bloodstream, and we retain control of the level of sedation throughout the procedure. In addition, your child\u2019s vital signs will be closely monitored to ensure optimal safety. IV sedation will have lingering effects. It\u2019s best to take your child home after the appointment, so they can rest and recover.<\/li>\n<\/ul>\n<h2>\u00bfPor qu\u00e9 recurrir a una sedaci\u00f3n dental?<\/h2>\n<p>No siempre es necesario sedar al paciente. Para tratamientos breves o m\u00ednimamente invasivos, adormecer el diente afectado y las enc\u00edas circundantes suele bastar para mantener la comodidad del paciente. Sin embargo, el dentista puede sugerir la sedaci\u00f3n en estas situaciones:<\/p>\n<ul>\n<li><strong>Ansiedad por la visita al dentista: <\/strong>Tu hijo siente ansiedad, miedo o llora cuando va al dentista. No queremos que tu hijo se sienta inc\u00f3modo en nuestra consulta.<\/li>\n<li><strong>Problemas sensoriales:<\/strong> Algunos ni\u00f1os sufren de ansiedad ante situaciones y entornos desconocidos, volvi\u00e9ndose demasiado sensibles a las im\u00e1genes, los sonidos o los olores. La sedaci\u00f3n pedi\u00e1trica reduce estos sentimientos y sensaciones.<\/li>\n<li><strong>Incapacidad para permanecer sentado y seguir instrucciones:<\/strong> Los ni\u00f1os peque\u00f1os, menores de seis a\u00f1os, pueden negarse a cooperar m\u00e1s all\u00e1 de unos breves instantes. Para reducir el riesgo de lesiones y complicaciones durante los tratamientos dentales, el dentista puede recomendar la sedaci\u00f3n.<\/li>\n<li><strong>Procedimientos largos:<\/strong> Si un procedimiento dura m\u00e1s de una hora, tu hijo podr\u00eda sentirse inc\u00f3modo al permanecer sentado tanto tiempo. En tratamientos prolongados podemos recomendar la sedaci\u00f3n pedi\u00e1trica para garantizar el m\u00e1ximo confort para tu hijo, algo que tambi\u00e9n te proporcionar\u00e1 una mayor tranquilidad.<\/li>\n<li><strong>Cuestiones de seguridad:<\/strong> Si tu hijo siente n\u00e1useas o tiene que someterse a m\u00e1s de una intervenci\u00f3n en una visita, la sedaci\u00f3n dental le ayudar\u00e1 a sentirse seguro y c\u00f3modo.<\/li>\n<li><strong>Necesidades especiales:<\/strong> Sin duda, los pacientes con una o varias <a href=\"\/es\/servicios\/dentista-general-para-ninos\/pacientes-con-discapacidad\/\">discapacidades<\/a> son muy especiales para nosotros. Estos ni\u00f1os a veces tienen dificultades para tolerar los procedimientos, permanecer quietos y seguir las instrucciones del dentista. Para realizar tratamientos dentales de forma segura y completa en ni\u00f1os con discapacidades, podemos recomendar la odontolog\u00eda pedi\u00e1trica bajo sedaci\u00f3n.<\/li>\n<\/ul>\n<h2>Una atenci\u00f3n dental confortable gracias a la sedaci\u00f3n dental<\/h2>\n<p>Somos tu equipo dental infantil de confianza y nos tomamos muy en serio nuestra responsabilidad. Un ni\u00f1o debe sentirse bienvenido, importante y c\u00f3modo en nuestra consulta, incluso durante los tratamientos. Nuestro dentista puede recomendar la sedaci\u00f3n odontol\u00f3gica para ofrecer la mejor atenci\u00f3n a tu hijo. Si tienes alguna duda sobre estos procedimientos, nuestro equipo est\u00e1 a tu disposici\u00f3n para responder a cualquier pregunta.<\/p>","protected":false},"excerpt":{"rendered":"<p>Si el dentista de tu hijo te sugiere sedaci\u00f3n dental, te explicar\u00e1 cu\u00e1l es la m\u00e1s adecuada, c\u00f3mo funciona y qu\u00e9 ocurre tras la intervenci\u00f3n. <\/p>","protected":false},"author":2,"featured_media":3546,"parent":3299,"menu_order":0,"comment_status":"closed","ping_status":"closed","template":"","meta":{"_et_pb_use_builder":"","_et_pb_old_content":"","_et_gb_content_width":"","_monsterinsights_skip_tracking":false,"_monsterinsights_sitenote_active":false,"_monsterinsights_sitenote_note":"","_monsterinsights_sitenote_category":0,"footnotes":""},"class_list":["post-270","page","type-page","status-publish","has-post-thumbnail","hentry"],"aioseo_notices":[],"aioseo_head":"\n\t\t<!-- All in One SEO Pro 4.9.5.2 - aioseo.com -->\n\t<meta name=\"description\" content=\"If your child\u2019s dentist suggests dental sedation, they will explain the best type of sedation, how it works, and what to expect following the procedure.\" \/>\n\t<meta name=\"robots\" content=\"max-image-preview:large\" \/>\n\t<link rel=\"canonical\" href=\"https:\/\/www.worldofsmilesdentistry.com\/es\/services\/general-dentist-for-children\/sedation-dentistry\/\" \/>\n\t<meta name=\"generator\" content=\"All in One SEO Pro (AIOSEO) 4.9.5.2\" \/>\n\t\t<meta property=\"og:locale\" content=\"es_MX\" \/>\n\t\t<meta property=\"og:site_name\" content=\"World of Smiles | Our dental office is devoted to serving our community and ensuring everyone has affordable access to dental care. We have several payment options available in addition to dental insurance, including Medicaid and CareCredit.\" \/>\n\t\t<meta property=\"og:type\" content=\"company\" \/>\n\t\t<meta property=\"og:title\" content=\"Sedation Dentistry in Beaumont | World of Smiles\" \/>\n\t\t<meta property=\"og:description\" content=\"If your child\u2019s dentist suggests dental sedation, they will explain the best type of sedation, how it works, and what to expect following the procedure.\" \/>\n\t\t<meta property=\"og:url\" content=\"https:\/\/www.worldofsmilesdentistry.com\/es\/services\/general-dentist-for-children\/sedation-dentistry\/\" \/>\n\t\t<meta property=\"og:image\" content=\"https:\/\/www.worldofsmilesdentistry.com\/wp-content\/uploads\/2024\/05\/YoungGirlwithArmBehindBack.jpg\" \/>\n\t\t<meta property=\"og:image:secure_url\" content=\"https:\/\/www.worldofsmilesdentistry.com\/wp-content\/uploads\/2024\/05\/YoungGirlwithArmBehindBack.jpg\" \/>\n\t\t<meta property=\"og:image:width\" content=\"600\" \/>\n\t\t<meta property=\"og:image:height\" content=\"600\" \/>\n\t\t<meta name=\"twitter:card\" content=\"summary_large_image\" \/>\n\t\t<meta name=\"twitter:title\" content=\"Sedation Dentistry in Beaumont | World of Smiles\" \/>\n\t\t<meta name=\"twitter:description\" content=\"If your child\u2019s dentist suggests dental sedation, they will explain the best type of sedation, how it works, and what to expect following the procedure.\" \/>\n\t\t<meta name=\"twitter:image\" content=\"https:\/\/www.worldofsmilesdentistry.com\/wp-content\/uploads\/2021\/12\/logo-300x300-1.png\" \/>\n\t\t<script type=\"application\/ld+json\" class=\"aioseo-schema\">\n\t\t\t{\"@context\":\"https:\\\/\\\/schema.org\",\"@graph\":[{\"@type\":\"BreadcrumbList\",\"@id\":\"https:\\\/\\\/www.worldofsmilesdentistry.com\\\/es\\\/services\\\/general-dentist-for-children\\\/sedation-dentistry\\\/#breadcrumblist\",\"itemListElement\":[{\"@type\":\"ListItem\",\"@id\":\"https:\\\/\\\/www.worldofsmilesdentistry.com\\\/es#listItem\",\"position\":1,\"name\":\"Home\",\"item\":\"https:\\\/\\\/www.worldofsmilesdentistry.com\\\/es\",\"nextItem\":{\"@type\":\"ListItem\",\"@id\":\"https:\\\/\\\/www.worldofsmilesdentistry.com\\\/es\\\/services\\\/#listItem\",\"name\":\"Services\"}},{\"@type\":\"ListItem\",\"@id\":\"https:\\\/\\\/www.worldofsmilesdentistry.com\\\/es\\\/services\\\/#listItem\",\"position\":2,\"name\":\"Services\",\"item\":\"https:\\\/\\\/www.worldofsmilesdentistry.com\\\/es\\\/services\\\/\",\"nextItem\":{\"@type\":\"ListItem\",\"@id\":\"https:\\\/\\\/www.worldofsmilesdentistry.com\\\/es\\\/services\\\/general-dentist-for-children\\\/#listItem\",\"name\":\"General Dentist for Children\"},\"previousItem\":{\"@type\":\"ListItem\",\"@id\":\"https:\\\/\\\/www.worldofsmilesdentistry.com\\\/es#listItem\",\"name\":\"Home\"}},{\"@type\":\"ListItem\",\"@id\":\"https:\\\/\\\/www.worldofsmilesdentistry.com\\\/es\\\/services\\\/general-dentist-for-children\\\/#listItem\",\"position\":3,\"name\":\"General Dentist for Children\",\"item\":\"https:\\\/\\\/www.worldofsmilesdentistry.com\\\/es\\\/services\\\/general-dentist-for-children\\\/\",\"nextItem\":{\"@type\":\"ListItem\",\"@id\":\"https:\\\/\\\/www.worldofsmilesdentistry.com\\\/es\\\/services\\\/general-dentist-for-children\\\/sedation-dentistry\\\/#listItem\",\"name\":\"Sedation Dentistry\"},\"previousItem\":{\"@type\":\"ListItem\",\"@id\":\"https:\\\/\\\/www.worldofsmilesdentistry.com\\\/es\\\/services\\\/#listItem\",\"name\":\"Services\"}},{\"@type\":\"ListItem\",\"@id\":\"https:\\\/\\\/www.worldofsmilesdentistry.com\\\/es\\\/services\\\/general-dentist-for-children\\\/sedation-dentistry\\\/#listItem\",\"position\":4,\"name\":\"Sedation Dentistry\",\"previousItem\":{\"@type\":\"ListItem\",\"@id\":\"https:\\\/\\\/www.worldofsmilesdentistry.com\\\/es\\\/services\\\/general-dentist-for-children\\\/#listItem\",\"name\":\"General Dentist for Children\"}}]},{\"@type\":\"Organization\",\"@id\":\"https:\\\/\\\/www.worldofsmilesdentistry.com\\\/es\\\/#organization\",\"name\":\"V2 Template\",\"description\":\"Our dental office is devoted to serving our community and ensuring everyone has affordable access to dental care. We have several payment options available in addition to dental insurance, including Medicaid and CareCredit.\",\"url\":\"https:\\\/\\\/www.worldofsmilesdentistry.com\\\/es\\\/\",\"email\":\"info@digisearch.com\",\"telephone\":\"+18554441715\",\"logo\":{\"@type\":\"ImageObject\",\"url\":\"https:\\\/\\\/www.worldofsmilesdentistry.com\\\/wp-content\\\/uploads\\\/2021\\\/12\\\/logo-300x300-1.png\",\"@id\":\"https:\\\/\\\/www.worldofsmilesdentistry.com\\\/es\\\/services\\\/general-dentist-for-children\\\/sedation-dentistry\\\/#organizationLogo\"},\"image\":{\"@id\":\"https:\\\/\\\/www.worldofsmilesdentistry.com\\\/es\\\/services\\\/general-dentist-for-children\\\/sedation-dentistry\\\/#organizationLogo\"},\"address\":{\"@id\":\"https:\\\/\\\/www.worldofsmilesdentistry.com\\\/es\\\/#postaladdress\",\"@type\":\"PostalAddress\",\"streetAddress\":\"6672 N. Northwest Hwy,\",\"postalCode\":\"60631\",\"addressLocality\":\"Chicago\",\"addressRegion\":\"Illinois\",\"addressCountry\":\"US\"}},{\"@type\":\"WebPage\",\"@id\":\"https:\\\/\\\/www.worldofsmilesdentistry.com\\\/es\\\/services\\\/general-dentist-for-children\\\/sedation-dentistry\\\/#webpage\",\"url\":\"https:\\\/\\\/www.worldofsmilesdentistry.com\\\/es\\\/services\\\/general-dentist-for-children\\\/sedation-dentistry\\\/\",\"name\":\"Sedation Dentistry in Beaumont | World of Smiles\",\"description\":\"If your child\\u2019s dentist suggests dental sedation, they will explain the best type of sedation, how it works, and what to expect following the procedure.\",\"inLanguage\":\"es-MX\",\"isPartOf\":{\"@id\":\"https:\\\/\\\/www.worldofsmilesdentistry.com\\\/es\\\/#website\"},\"breadcrumb\":{\"@id\":\"https:\\\/\\\/www.worldofsmilesdentistry.com\\\/es\\\/services\\\/general-dentist-for-children\\\/sedation-dentistry\\\/#breadcrumblist\"},\"image\":{\"@type\":\"ImageObject\",\"url\":\"https:\\\/\\\/www.worldofsmilesdentistry.com\\\/wp-content\\\/uploads\\\/2024\\\/05\\\/YoungGirlwithArmBehindBack.jpg\",\"@id\":\"https:\\\/\\\/www.worldofsmilesdentistry.com\\\/es\\\/services\\\/general-dentist-for-children\\\/sedation-dentistry\\\/#mainImage\",\"width\":600,\"height\":600,\"caption\":\"Young Girl Smiling with her arm behind her back\"},\"primaryImageOfPage\":{\"@id\":\"https:\\\/\\\/www.worldofsmilesdentistry.com\\\/es\\\/services\\\/general-dentist-for-children\\\/sedation-dentistry\\\/#mainImage\"},\"datePublished\":\"2022-03-30T15:29:42-06:00\",\"dateModified\":\"2024-08-13T12:22:43-06:00\"},{\"@type\":\"WebSite\",\"@id\":\"https:\\\/\\\/www.worldofsmilesdentistry.com\\\/es\\\/#website\",\"url\":\"https:\\\/\\\/www.worldofsmilesdentistry.com\\\/es\\\/\",\"name\":\"DIGI Dental Smiles\",\"description\":\"Our dental office is devoted to serving our community and ensuring everyone has affordable access to dental care. We have several payment options available in addition to dental insurance, including Medicaid and CareCredit.\",\"inLanguage\":\"es-MX\",\"publisher\":{\"@id\":\"https:\\\/\\\/www.worldofsmilesdentistry.com\\\/es\\\/#organization\"}}]}\n\t\t<\/script>\n\t\t<!-- All in One SEO Pro -->\r\n\t\t<title>Sedation Dentistry in Beaumont | World of Smiles<\/title>\n\n","aioseo_head_json":{"title":"Odontolog\u00eda bajo sedaci\u00f3n para ni\u00f1os en Beaumont | World of Smiles","description":"Si el dentista de tu hijo recomienda una sedaci\u00f3n dental, te explicar\u00e1 cu\u00e1l es la m\u00e1s adecuada, c\u00f3mo funciona y qu\u00e9 ocurre despu\u00e9s de la intervenci\u00f3n.","canonical_url":"https:\/\/www.worldofsmilesdentistry.com\/es\/services\/general-dentist-for-children\/sedation-dentistry\/","robots":"max-image-preview:large","keywords":"","webmasterTools":{"miscellaneous":""},"schema":{"@context":"https:\/\/schema.org","@graph":[{"@type":"BreadcrumbList","@id":"https:\/\/www.worldofsmilesdentistry.com\/es\/services\/general-dentist-for-children\/sedation-dentistry\/#breadcrumblist","itemListElement":[{"@type":"ListItem","@id":"https:\/\/www.worldofsmilesdentistry.com\/es#listItem","position":1,"name":"Home","item":"https:\/\/www.worldofsmilesdentistry.com\/es","nextItem":{"@type":"ListItem","@id":"https:\/\/www.worldofsmilesdentistry.com\/es\/services\/#listItem","name":"Services"}},{"@type":"ListItem","@id":"https:\/\/www.worldofsmilesdentistry.com\/es\/services\/#listItem","position":2,"name":"Services","item":"https:\/\/www.worldofsmilesdentistry.com\/es\/services\/","nextItem":{"@type":"ListItem","@id":"https:\/\/www.worldofsmilesdentistry.com\/es\/services\/general-dentist-for-children\/#listItem","name":"General Dentist for Children"},"previousItem":{"@type":"ListItem","@id":"https:\/\/www.worldofsmilesdentistry.com\/es#listItem","name":"Home"}},{"@type":"ListItem","@id":"https:\/\/www.worldofsmilesdentistry.com\/es\/services\/general-dentist-for-children\/#listItem","position":3,"name":"General Dentist for Children","item":"https:\/\/www.worldofsmilesdentistry.com\/es\/services\/general-dentist-for-children\/","nextItem":{"@type":"ListItem","@id":"https:\/\/www.worldofsmilesdentistry.com\/es\/services\/general-dentist-for-children\/sedation-dentistry\/#listItem","name":"Sedation Dentistry"},"previousItem":{"@type":"ListItem","@id":"https:\/\/www.worldofsmilesdentistry.com\/es\/services\/#listItem","name":"Services"}},{"@type":"ListItem","@id":"https:\/\/www.worldofsmilesdentistry.com\/es\/services\/general-dentist-for-children\/sedation-dentistry\/#listItem","position":4,"name":"Sedation Dentistry","previousItem":{"@type":"ListItem","@id":"https:\/\/www.worldofsmilesdentistry.com\/es\/services\/general-dentist-for-children\/#listItem","name":"General Dentist for Children"}}]},{"@type":"Organization","@id":"https:\/\/www.worldofsmilesdentistry.com\/es\/#organization","name":"V2 Template","description":"Our dental office is devoted to serving our community and ensuring everyone has affordable access to dental care. We have several payment options available in addition to dental insurance, including Medicaid and CareCredit.","url":"https:\/\/www.worldofsmilesdentistry.com\/es\/","email":"info@digisearch.com","telephone":"+18554441715","logo":{"@type":"ImageObject","url":"https:\/\/www.worldofsmilesdentistry.com\/wp-content\/uploads\/2021\/12\/logo-300x300-1.png","@id":"https:\/\/www.worldofsmilesdentistry.com\/es\/services\/general-dentist-for-children\/sedation-dentistry\/#organizationLogo"},"image":{"@id":"https:\/\/www.worldofsmilesdentistry.com\/es\/services\/general-dentist-for-children\/sedation-dentistry\/#organizationLogo"},"address":{"@id":"https:\/\/www.worldofsmilesdentistry.com\/es\/#postaladdress","@type":"PostalAddress","streetAddress":"6672 N. Northwest Hwy,","postalCode":"60631","addressLocality":"Chicago","addressRegion":"Illinois","addressCountry":"US"}},{"@type":"WebPage","@id":"https:\/\/www.worldofsmilesdentistry.com\/es\/services\/general-dentist-for-children\/sedation-dentistry\/#webpage","url":"https:\/\/www.worldofsmilesdentistry.com\/es\/services\/general-dentist-for-children\/sedation-dentistry\/","name":"Sedation Dentistry in Beaumont | World of Smiles","description":"If your child\u2019s dentist suggests dental sedation, they will explain the best type of sedation, how it works, and what to expect following the procedure.","inLanguage":"es-MX","isPartOf":{"@id":"https:\/\/www.worldofsmilesdentistry.com\/es\/#website"},"breadcrumb":{"@id":"https:\/\/www.worldofsmilesdentistry.com\/es\/services\/general-dentist-for-children\/sedation-dentistry\/#breadcrumblist"},"image":{"@type":"ImageObject","url":"https:\/\/www.worldofsmilesdentistry.com\/wp-content\/uploads\/2024\/05\/YoungGirlwithArmBehindBack.jpg","@id":"https:\/\/www.worldofsmilesdentistry.com\/es\/services\/general-dentist-for-children\/sedation-dentistry\/#mainImage","width":600,"height":600,"caption":"Young Girl Smiling with her arm behind her back"},"primaryImageOfPage":{"@id":"https:\/\/www.worldofsmilesdentistry.com\/es\/services\/general-dentist-for-children\/sedation-dentistry\/#mainImage"},"datePublished":"2022-03-30T15:29:42-06:00","dateModified":"2024-08-13T12:22:43-06:00"},{"@type":"WebSite","@id":"https:\/\/www.worldofsmilesdentistry.com\/es\/#website","url":"https:\/\/www.worldofsmilesdentistry.com\/es\/","name":"DIGI Dental Smiles","description":"Our dental office is devoted to serving our community and ensuring everyone has affordable access to dental care. We have several payment options available in addition to dental insurance, including Medicaid and CareCredit.","inLanguage":"es-MX","publisher":{"@id":"https:\/\/www.worldofsmilesdentistry.com\/es\/#organization"}}]},"og:locale":"es_MX","og:site_name":"World of Smiles | Our dental office is devoted to serving our community and ensuring everyone has affordable access to dental care. We have several payment options available in addition to dental insurance, including Medicaid and CareCredit.","og:type":"company","og:title":"Sedation Dentistry in Beaumont | World of Smiles","og:description":"If your child\u2019s dentist suggests dental sedation, they will explain the best type of sedation, how it works, and what to expect following the procedure.","og:url":"https:\/\/www.worldofsmilesdentistry.com\/es\/services\/general-dentist-for-children\/sedation-dentistry\/","og:image":"https:\/\/www.worldofsmilesdentistry.com\/wp-content\/uploads\/2024\/05\/YoungGirlwithArmBehindBack.jpg","og:image:secure_url":"https:\/\/www.worldofsmilesdentistry.com\/wp-content\/uploads\/2024\/05\/YoungGirlwithArmBehindBack.jpg","og:image:width":600,"og:image:height":600,"twitter:card":"summary_large_image","twitter:title":"Sedation Dentistry in Beaumont | World of Smiles","twitter:description":"If your child\u2019s dentist suggests dental sedation, they will explain the best type of sedation, how it works, and what to expect following the procedure.","twitter:image":"https:\/\/www.worldofsmilesdentistry.com\/wp-content\/uploads\/2021\/12\/logo-300x300-1.png"},"aioseo_meta_data":{"post_id":"270","title":null,"description":null,"keywords":null,"keyphrases":{"focus":{"keyphrase":"IV Sedation","score":37,"analysis":{"keyphraseInTitle":{"score":3,"maxScore":9,"error":1},"keyphraseInDescription":{"score":3,"maxScore":9,"error":1},"keyphraseLength":{"score":9,"maxScore":9,"error":0,"length":2},"keyphraseInURL":{"score":1,"maxScore":5,"error":1},"keyphraseInIntroduction":{"score":3,"maxScore":9,"error":1},"keyphraseInSubHeadings":{"score":3,"maxScore":9,"error":1},"keyphraseInImageAlt":{"score":3,"maxScore":9,"error":1},"keywordDensity":{"score":0,"type":"low","maxScore":9,"error":1}}},"additional":[]},"primary_term":null,"canonical_url":null,"og_title":null,"og_description":null,"og_object_type":"default","og_image_type":"default","og_image_url":null,"og_image_width":null,"og_image_height":null,"og_image_custom_url":null,"og_image_custom_fields":null,"og_video":"","og_custom_url":null,"og_article_section":null,"og_article_tags":null,"twitter_use_og":false,"twitter_card":"default","twitter_image_type":"default","twitter_image_url":null,"twitter_image_custom_url":null,"twitter_image_custom_fields":null,"twitter_title":null,"twitter_description":null,"schema":{"blockGraphs":[],"customGraphs":[],"default":{"data":{"Article":[],"Course":[],"Dataset":[],"FAQPage":[],"Movie":[],"Person":[],"Product":[],"ProductReview":[],"Car":[],"Recipe":[],"Service":[],"SoftwareApplication":[],"WebPage":{"id":"aioseo-web-page-63e5709c1e512","slug":"web-page","graphName":"WebPage","label":"Web Page","properties":{"type":"WebPage","name":"","description":""}}},"graphName":"WebPage","isEnabled":true},"graphs":[]},"schema_type":"default","schema_type_options":"{\"article\":{\"articleType\":\"BlogPosting\"},\"course\":{\"name\":\"\",\"description\":\"\",\"provider\":\"\"},\"faq\":{\"pages\":[]},\"product\":{\"reviews\":[]},\"recipe\":{\"ingredients\":[],\"instructions\":[],\"keywords\":[]},\"software\":{\"reviews\":[],\"operatingSystems\":[]},\"webPage\":{\"webPageType\":\"WebPage\"}}","pillar_content":false,"robots_default":true,"robots_noindex":false,"robots_noarchive":false,"robots_nosnippet":false,"robots_nofollow":false,"robots_noimageindex":false,"robots_noodp":false,"robots_notranslate":false,"robots_max_snippet":"-1","robots_max_videopreview":"-1","robots_max_imagepreview":"large","priority":null,"frequency":"default","local_seo":null,"seo_analyzer_scan_date":"2025-08-16 05:28:22","limit_modified_date":false,"open_ai":"{\"title\":{\"suggestions\":[],\"usage\":0},\"description\":{\"suggestions\":[],\"usage\":0}}","ai":null,"created":"2022-03-30 21:29:29","updated":"2025-10-21 20:18:30"},"aioseo_breadcrumb":"<div class=\"aioseo-breadcrumbs\"><span class=\"aioseo-breadcrumb\">\n\t<a href=\"https:\/\/www.worldofsmilesdentistry.com\/es\" title=\"Home\">Home<\/a>\n<\/span><span class=\"aioseo-breadcrumb-separator\">&raquo;<\/span><span class=\"aioseo-breadcrumb\">\n\t<a href=\"https:\/\/www.worldofsmilesdentistry.com\/es\/services\/\" title=\"Services\">Services<\/a>\n<\/span><span class=\"aioseo-breadcrumb-separator\">&raquo;<\/span><span class=\"aioseo-breadcrumb\">\n\t<a href=\"https:\/\/www.worldofsmilesdentistry.com\/es\/services\/general-dentist-for-children\/\" title=\"General Dentist for Children\">General Dentist for Children<\/a>\n<\/span><span class=\"aioseo-breadcrumb-separator\">&raquo;<\/span><span class=\"aioseo-breadcrumb\">\n\tSedation Dentistry\n<\/span><\/div>","aioseo_breadcrumb_json":[{"label":"Home","link":"https:\/\/www.worldofsmilesdentistry.com\/es"},{"label":"Services","link":"https:\/\/www.worldofsmilesdentistry.com\/es\/services\/"},{"label":"General Dentist for Children","link":"https:\/\/www.worldofsmilesdentistry.com\/es\/services\/general-dentist-for-children\/"},{"label":"Sedation Dentistry","link":"https:\/\/www.worldofsmilesdentistry.com\/es\/services\/general-dentist-for-children\/sedation-dentistry\/"}],"_links":{"self":[{"href":"https:\/\/www.worldofsmilesdentistry.com\/es\/wp-json\/wp\/v2\/pages\/270","targetHints":{"allow":["GET"]}}],"collection":[{"href":"https:\/\/www.worldofsmilesdentistry.com\/es\/wp-json\/wp\/v2\/pages"}],"about":[{"href":"https:\/\/www.worldofsmilesdentistry.com\/es\/wp-json\/wp\/v2\/types\/page"}],"author":[{"embeddable":true,"href":"https:\/\/www.worldofsmilesdentistry.com\/es\/wp-json\/wp\/v2\/users\/2"}],"replies":[{"embeddable":true,"href":"https:\/\/www.worldofsmilesdentistry.com\/es\/wp-json\/wp\/v2\/comments?post=270"}],"version-history":[{"count":0,"href":"https:\/\/www.worldofsmilesdentistry.com\/es\/wp-json\/wp\/v2\/pages\/270\/revisions"}],"up":[{"embeddable":true,"href":"https:\/\/www.worldofsmilesdentistry.com\/es\/wp-json\/wp\/v2\/pages\/3299"}],"wp:featuredmedia":[{"embeddable":true,"href":"https:\/\/www.worldofsmilesdentistry.com\/es\/wp-json\/wp\/v2\/media\/3546"}],"wp:attachment":[{"href":"https:\/\/www.worldofsmilesdentistry.com\/es\/wp-json\/wp\/v2\/media?parent=270"}],"curies":[{"name":"wp","href":"https:\/\/api.w.org\/{rel}","templated":true}]}}