{"id":3300,"date":"2024-04-01T12:23:00","date_gmt":"2024-04-01T18:23:00","guid":{"rendered":"https:\/\/www.worldofsmilesdentistry.com\/?page_id=3300"},"modified":"2025-10-24T15:09:31","modified_gmt":"2025-10-24T21:09:31","slug":"ortodoncia","status":"publish","type":"page","link":"https:\/\/www.worldofsmilesdentistry.com\/es\/services\/orthodontics\/","title":{"rendered":"Ortodoncia"},"content":{"rendered":"<h2>Ortodoncia en Beaumont, TX<\/h2>\n<p>En World of Smiles, nuestros experimentados dentistas infantiles est\u00e1n perfectamente cualificados para ofrecer los \u00faltimos tratamientos de ortodoncia para ni\u00f1os.<\/p>\n<h2>\u00bfPor qu\u00e9 es aconsejable una ortodoncia?<\/h2>\n<p>El uso de aparatos de ortodoncia, espaciadores, expansores y retenedores se debe, sobre todo, a la necesidad de corregir la alineaci\u00f3n de los dientes. En algunos casos, el tratamiento consiste en expandir la arcada superior para crear m\u00e1s espacio para los dientes definitivos de adulto. Otros pacientes necesitan corregir una mordida cruzada, una sobremordida o una submordida. Otros casos son puramente est\u00e9ticos, como por ejemplo la correcci\u00f3n de los dientes frontales para conseguir una sonrisa m\u00e1s atractiva.<\/p>\n<blockquote>\n<h5><em><img loading=\"lazy\" decoding=\"async\" class=\"alignnone wp-image-3764\" src=\"https:\/\/www.worldofsmilesdentistry.com\/wp-content\/uploads\/2024\/07\/lightbulb.png\" alt=\"\" width=\"35\" height=\"35\" srcset=\"https:\/\/www.worldofsmilesdentistry.com\/wp-content\/uploads\/2024\/07\/lightbulb.png 64w, https:\/\/www.worldofsmilesdentistry.com\/wp-content\/uploads\/2024\/07\/lightbulb-12x12.png 12w\" sizes=\"(max-width: 35px) 100vw, 35px\" \/>\u00bfSAB\u00cdAS QU\u00c9?<\/em><\/h5>\n<p> All orthodontists are trained as dentists, but only 5% of dentists are also orthodontists!<\/em><\/p><\/blockquote>\n<p>Beneficios asociados a un tratamiento de ortodoncia:<\/p>\n<ul>\n<li>Crea espacio para los futuros dientes definitivos.<\/li>\n<li>Corrige los problemas de mordida (oclusi\u00f3n).<\/li>\n<li>Reduce el riesgo de bruxismo (apretar y rechinar los dientes).<\/li>\n<li>Reduce el riesgo de trastorno de la articulaci\u00f3n temporomandibular (ATM).<\/li>\n<li>Reduce el riesgo de erosi\u00f3n del hueso maxilar.<\/li>\n<li>Mejora la est\u00e9tica de la boca (y la imagen que se tiene de uno mismo).<\/li>\n<li>Unos dientes rectos son m\u00e1s f\u00e1ciles de limpiar.<\/li>\n<li>Unos dientes rectos reducen el riesgo de padecer enfermedades de las enc\u00edas y caries.<\/li>\n<li>Masticaci\u00f3n m\u00e1s c\u00f3moda y eficaz.<\/li>\n<\/ul>\n<h2>Ortodoncia por fases<\/h2>\n<p>El objetivo de la ortodoncia en dos fases es preparar la boca para que los dientes definitivos crezcan rectos y parejos. M\u00e1s adelante, en la adolescencia, la fase dos se ocupa de que los dientes definitivos est\u00e9n alineados de forma \u00f3ptima en cuanto a aspecto, funci\u00f3n y comodidad.<\/p>\n<p>A los siete a\u00f1os, se recomienda que el ni\u00f1o se someta a una revisi\u00f3n ortod\u00f3ncica para determinar si es necesaria una ortodoncia por fases.<\/p>\n<p>Lo que deben saber los padres sobre la primera fase del tratamiento ortod\u00f3ncico:<\/p>\n<ul>\n<li>Cuanto antes se corrija la mordida y la alineaci\u00f3n dental del ni\u00f1o, m\u00e1s fuertes y sanos ser\u00e1n sus dientes en el futuro.<\/li>\n<li>Los dientes de leche de tu hijo son espacios reservados para los dientes definitivos que se desarrollar\u00e1n m\u00e1s adelante.<\/li>\n<li>Una alineaci\u00f3n correcta facilitar\u00e1 la implantaci\u00f3n los dientes definitivos a medida que se desarrollan.<\/li>\n<\/ul>\n<h2>Opciones est\u00e9ticas para la ortodoncia<\/h2>\n<p>Los pacientes m\u00e1s j\u00f3venes suelen divertirse poni\u00e9ndose bandas de ligadura de colores en los aparatos dentales. Los colores pueden representar equipos deportivos, colegios, fiestas o un estilo personal. Los ni\u00f1os disfrutan de la libertad de elegir los colores en las revisiones de ajuste, cuando se cambian las ligaduras.<\/p>\n<p>Algunos pacientes adolescentes prefieren que sus aparatos tengan un aspecto m\u00e1s discreto. Nuestros doctores pueden colocar brackets transparentes o cer\u00e1micos del color del diente en vez de met\u00e1licos.<\/p>\n<h2>Cumplir el plan de tratamiento<\/h2>\n<p>Los padres, los pacientes y nuestro equipo deben trabajar juntos para que la Kidsperience ortod\u00f3ncica sea la mejor posible. Proporcionamos el tratamiento y los materiales m\u00e1s modernos y eficaces para cada paciente. Padres y pacientes deben comprometerse a:<\/p>\n<ul>\n<li>Asistir a las revisiones de ajuste (aproximadamente cada seis semanas).<\/li>\n<li>Evitar que el paciente consuma alimentos pegajosos y masticables (por ejemplo, chicle, caramelo o palomitas de ma\u00edz).<\/li>\n<li>Limpiarse los dientes despu\u00e9s de cada comida o aperitivo.<\/li>\n<li>Llevar la ortodoncia durante todo el tratamiento.<\/li>\n<li>Llevar un retenedor despu\u00e9s de la ortodoncia para conservar la alineaci\u00f3n.<\/li>\n<\/ul>\n<p>No hay nada como la sonrisa de un paciente el d\u00eda que retiramos los brackets. \u00a1Cada una es \u00fanica y hermosa!<\/p>\n<h2>\u00a1Pide cita con el ortodoncista de tu hijo hoy mismo!<\/h2>\n<p>Si nuestros dentistas te han recomendado una revisi\u00f3n ortod\u00f3ncica o tu hijo est\u00e1 dispuesto a llevar aparato, te ayudaremos a que toda la Kidsperience sea lo m\u00e1s agradable y gratificante posible. Los integrantes de nuestro equipo atienden en ingl\u00e9s o espa\u00f1ol, adapt\u00e1ndose a las necesidades de los pacientes. \u00a1Te invitamos a que llames hoy mismo a World of Smiles!<\/p>","protected":false},"excerpt":{"rendered":"<p>No hace falta que visites la consulta de un ortodoncista para recibir un tratamiento de ortodoncia. Ofrecemos ortodoncia infantil de fase uno y fase dos, aparatos para adolescentes y alternativas discretas a los aparatos met\u00e1licos tradicionales. <\/p>","protected":false},"author":2,"featured_media":3658,"parent":45,"menu_order":0,"comment_status":"closed","ping_status":"closed","template":"","meta":{"_et_pb_use_builder":"","_et_pb_old_content":"","_et_gb_content_width":"","_monsterinsights_skip_tracking":false,"_monsterinsights_sitenote_active":false,"_monsterinsights_sitenote_note":"","_monsterinsights_sitenote_category":0,"footnotes":""},"class_list":["post-3300","page","type-page","status-publish","has-post-thumbnail","hentry"],"aioseo_notices":[],"aioseo_head":"\n\t\t<!-- All in One SEO Pro 4.9.6.2 - aioseo.com -->\n\t<meta name=\"description\" content=\"At World of Smiles, our dentists are experienced in providing the latest children and teen orthodontic treatments in Beaumont.\" \/>\n\t<meta name=\"robots\" content=\"max-image-preview:large\" \/>\n\t<link rel=\"canonical\" href=\"https:\/\/www.worldofsmilesdentistry.com\/es\/services\/orthodontics\/\" \/>\n\t<meta name=\"generator\" content=\"All in One SEO Pro (AIOSEO) 4.9.6.2\" \/>\n\t\t<meta property=\"og:locale\" content=\"es_MX\" \/>\n\t\t<meta property=\"og:site_name\" content=\"World of Smiles | Our dental office is devoted to serving our community and ensuring everyone has affordable access to dental care. We have several payment options available in addition to dental insurance, including Medicaid and CareCredit.\" \/>\n\t\t<meta property=\"og:type\" content=\"company\" \/>\n\t\t<meta property=\"og:title\" content=\"Orthodontics in Beaumont | World of Smiles\" \/>\n\t\t<meta property=\"og:description\" content=\"At World of Smiles, our dentists are experienced in providing the latest children and teen orthodontic treatments in Beaumont.\" \/>\n\t\t<meta property=\"og:url\" content=\"https:\/\/www.worldofsmilesdentistry.com\/es\/services\/orthodontics\/\" \/>\n\t\t<meta property=\"og:image\" content=\"https:\/\/www.worldofsmilesdentistry.com\/wp-content\/uploads\/2024\/05\/ChildOrthodontics.jpg\" \/>\n\t\t<meta property=\"og:image:secure_url\" content=\"https:\/\/www.worldofsmilesdentistry.com\/wp-content\/uploads\/2024\/05\/ChildOrthodontics.jpg\" \/>\n\t\t<meta property=\"og:image:width\" content=\"600\" \/>\n\t\t<meta property=\"og:image:height\" content=\"600\" \/>\n\t\t<meta name=\"twitter:card\" content=\"summary_large_image\" \/>\n\t\t<meta name=\"twitter:title\" content=\"Orthodontics in Beaumont | World of Smiles\" \/>\n\t\t<meta name=\"twitter:description\" content=\"At World of Smiles, our dentists are experienced in providing the latest children and teen orthodontic treatments in Beaumont.\" \/>\n\t\t<meta name=\"twitter:image\" content=\"https:\/\/www.worldofsmilesdentistry.com\/wp-content\/uploads\/2021\/12\/logo-300x300-1.png\" \/>\n\t\t<script type=\"application\/ld+json\" class=\"aioseo-schema\">\n\t\t\t{\"@context\":\"https:\\\/\\\/schema.org\",\"@graph\":[{\"@type\":\"BreadcrumbList\",\"@id\":\"https:\\\/\\\/www.worldofsmilesdentistry.com\\\/es\\\/services\\\/orthodontics\\\/#breadcrumblist\",\"itemListElement\":[{\"@type\":\"ListItem\",\"@id\":\"https:\\\/\\\/www.worldofsmilesdentistry.com\\\/es#listItem\",\"position\":1,\"name\":\"Home\",\"item\":\"https:\\\/\\\/www.worldofsmilesdentistry.com\\\/es\",\"nextItem\":{\"@type\":\"ListItem\",\"@id\":\"https:\\\/\\\/www.worldofsmilesdentistry.com\\\/es\\\/services\\\/#listItem\",\"name\":\"Services\"}},{\"@type\":\"ListItem\",\"@id\":\"https:\\\/\\\/www.worldofsmilesdentistry.com\\\/es\\\/services\\\/#listItem\",\"position\":2,\"name\":\"Services\",\"item\":\"https:\\\/\\\/www.worldofsmilesdentistry.com\\\/es\\\/services\\\/\",\"nextItem\":{\"@type\":\"ListItem\",\"@id\":\"https:\\\/\\\/www.worldofsmilesdentistry.com\\\/es\\\/services\\\/orthodontics\\\/#listItem\",\"name\":\"Orthodontics\"},\"previousItem\":{\"@type\":\"ListItem\",\"@id\":\"https:\\\/\\\/www.worldofsmilesdentistry.com\\\/es#listItem\",\"name\":\"Home\"}},{\"@type\":\"ListItem\",\"@id\":\"https:\\\/\\\/www.worldofsmilesdentistry.com\\\/es\\\/services\\\/orthodontics\\\/#listItem\",\"position\":3,\"name\":\"Orthodontics\",\"previousItem\":{\"@type\":\"ListItem\",\"@id\":\"https:\\\/\\\/www.worldofsmilesdentistry.com\\\/es\\\/services\\\/#listItem\",\"name\":\"Services\"}}]},{\"@type\":\"Organization\",\"@id\":\"https:\\\/\\\/www.worldofsmilesdentistry.com\\\/es\\\/#organization\",\"name\":\"V2 Template\",\"description\":\"Our dental office is devoted to serving our community and ensuring everyone has affordable access to dental care. We have several payment options available in addition to dental insurance, including Medicaid and CareCredit.\",\"url\":\"https:\\\/\\\/www.worldofsmilesdentistry.com\\\/es\\\/\",\"email\":\"info@digisearch.com\",\"telephone\":\"+18554441715\",\"logo\":{\"@type\":\"ImageObject\",\"url\":\"https:\\\/\\\/www.worldofsmilesdentistry.com\\\/wp-content\\\/uploads\\\/2021\\\/12\\\/logo-300x300-1.png\",\"@id\":\"https:\\\/\\\/www.worldofsmilesdentistry.com\\\/es\\\/services\\\/orthodontics\\\/#organizationLogo\"},\"image\":{\"@id\":\"https:\\\/\\\/www.worldofsmilesdentistry.com\\\/es\\\/services\\\/orthodontics\\\/#organizationLogo\"},\"address\":{\"@id\":\"https:\\\/\\\/www.worldofsmilesdentistry.com\\\/es\\\/#postaladdress\",\"@type\":\"PostalAddress\",\"streetAddress\":\"6672 N. Northwest Hwy,\",\"postalCode\":\"60631\",\"addressLocality\":\"Chicago\",\"addressRegion\":\"Illinois\",\"addressCountry\":\"US\"}},{\"@type\":\"WebPage\",\"@id\":\"https:\\\/\\\/www.worldofsmilesdentistry.com\\\/es\\\/services\\\/orthodontics\\\/#webpage\",\"url\":\"https:\\\/\\\/www.worldofsmilesdentistry.com\\\/es\\\/services\\\/orthodontics\\\/\",\"name\":\"Orthodontics in Beaumont | World of Smiles\",\"description\":\"At World of Smiles, our dentists are experienced in providing the latest children and teen orthodontic treatments in Beaumont.\",\"inLanguage\":\"es-MX\",\"isPartOf\":{\"@id\":\"https:\\\/\\\/www.worldofsmilesdentistry.com\\\/es\\\/#website\"},\"breadcrumb\":{\"@id\":\"https:\\\/\\\/www.worldofsmilesdentistry.com\\\/es\\\/services\\\/orthodontics\\\/#breadcrumblist\"},\"image\":{\"@type\":\"ImageObject\",\"url\":\"https:\\\/\\\/www.worldofsmilesdentistry.com\\\/wp-content\\\/uploads\\\/2024\\\/05\\\/ChildOrthodontics.jpg\",\"@id\":\"https:\\\/\\\/www.worldofsmilesdentistry.com\\\/es\\\/services\\\/orthodontics\\\/#mainImage\",\"width\":600,\"height\":600,\"caption\":\"Child holding braces and aligners\"},\"primaryImageOfPage\":{\"@id\":\"https:\\\/\\\/www.worldofsmilesdentistry.com\\\/es\\\/services\\\/orthodontics\\\/#mainImage\"},\"datePublished\":\"2024-04-01T12:23:00-06:00\",\"dateModified\":\"2025-10-24T15:09:31-06:00\"},{\"@type\":\"WebSite\",\"@id\":\"https:\\\/\\\/www.worldofsmilesdentistry.com\\\/es\\\/#website\",\"url\":\"https:\\\/\\\/www.worldofsmilesdentistry.com\\\/es\\\/\",\"name\":\"DIGI Dental Smiles\",\"description\":\"Our dental office is devoted to serving our community and ensuring everyone has affordable access to dental care. We have several payment options available in addition to dental insurance, including Medicaid and CareCredit.\",\"inLanguage\":\"es-MX\",\"publisher\":{\"@id\":\"https:\\\/\\\/www.worldofsmilesdentistry.com\\\/es\\\/#organization\"}}]}\n\t\t<\/script>\n\t\t<!-- All in One SEO Pro -->\r\n\t\t<title>Orthodontics in Beaumont | World of Smiles<\/title>\n\n","aioseo_head_json":{"title":"Ortodoncia en Beaumont | World of Smiles","description":"Nuestros dentistas de World of Smiles son expertos con experiencia en los \u00faltimos tratamientos de ortodoncia en Beaumont para ni\u00f1os y adolescentes.","canonical_url":"https:\/\/www.worldofsmilesdentistry.com\/es\/services\/orthodontics\/","robots":"max-image-preview:large","keywords":"","webmasterTools":{"miscellaneous":""},"schema":{"@context":"https:\/\/schema.org","@graph":[{"@type":"BreadcrumbList","@id":"https:\/\/www.worldofsmilesdentistry.com\/es\/services\/orthodontics\/#breadcrumblist","itemListElement":[{"@type":"ListItem","@id":"https:\/\/www.worldofsmilesdentistry.com\/es#listItem","position":1,"name":"Home","item":"https:\/\/www.worldofsmilesdentistry.com\/es","nextItem":{"@type":"ListItem","@id":"https:\/\/www.worldofsmilesdentistry.com\/es\/services\/#listItem","name":"Services"}},{"@type":"ListItem","@id":"https:\/\/www.worldofsmilesdentistry.com\/es\/services\/#listItem","position":2,"name":"Services","item":"https:\/\/www.worldofsmilesdentistry.com\/es\/services\/","nextItem":{"@type":"ListItem","@id":"https:\/\/www.worldofsmilesdentistry.com\/es\/services\/orthodontics\/#listItem","name":"Orthodontics"},"previousItem":{"@type":"ListItem","@id":"https:\/\/www.worldofsmilesdentistry.com\/es#listItem","name":"Home"}},{"@type":"ListItem","@id":"https:\/\/www.worldofsmilesdentistry.com\/es\/services\/orthodontics\/#listItem","position":3,"name":"Orthodontics","previousItem":{"@type":"ListItem","@id":"https:\/\/www.worldofsmilesdentistry.com\/es\/services\/#listItem","name":"Services"}}]},{"@type":"Organization","@id":"https:\/\/www.worldofsmilesdentistry.com\/es\/#organization","name":"V2 Template","description":"Our dental office is devoted to serving our community and ensuring everyone has affordable access to dental care. We have several payment options available in addition to dental insurance, including Medicaid and CareCredit.","url":"https:\/\/www.worldofsmilesdentistry.com\/es\/","email":"info@digisearch.com","telephone":"+18554441715","logo":{"@type":"ImageObject","url":"https:\/\/www.worldofsmilesdentistry.com\/wp-content\/uploads\/2021\/12\/logo-300x300-1.png","@id":"https:\/\/www.worldofsmilesdentistry.com\/es\/services\/orthodontics\/#organizationLogo"},"image":{"@id":"https:\/\/www.worldofsmilesdentistry.com\/es\/services\/orthodontics\/#organizationLogo"},"address":{"@id":"https:\/\/www.worldofsmilesdentistry.com\/es\/#postaladdress","@type":"PostalAddress","streetAddress":"6672 N. Northwest Hwy,","postalCode":"60631","addressLocality":"Chicago","addressRegion":"Illinois","addressCountry":"US"}},{"@type":"WebPage","@id":"https:\/\/www.worldofsmilesdentistry.com\/es\/services\/orthodontics\/#webpage","url":"https:\/\/www.worldofsmilesdentistry.com\/es\/services\/orthodontics\/","name":"Orthodontics in Beaumont | World of Smiles","description":"At World of Smiles, our dentists are experienced in providing the latest children and teen orthodontic treatments in Beaumont.","inLanguage":"es-MX","isPartOf":{"@id":"https:\/\/www.worldofsmilesdentistry.com\/es\/#website"},"breadcrumb":{"@id":"https:\/\/www.worldofsmilesdentistry.com\/es\/services\/orthodontics\/#breadcrumblist"},"image":{"@type":"ImageObject","url":"https:\/\/www.worldofsmilesdentistry.com\/wp-content\/uploads\/2024\/05\/ChildOrthodontics.jpg","@id":"https:\/\/www.worldofsmilesdentistry.com\/es\/services\/orthodontics\/#mainImage","width":600,"height":600,"caption":"Child holding braces and aligners"},"primaryImageOfPage":{"@id":"https:\/\/www.worldofsmilesdentistry.com\/es\/services\/orthodontics\/#mainImage"},"datePublished":"2024-04-01T12:23:00-06:00","dateModified":"2025-10-24T15:09:31-06:00"},{"@type":"WebSite","@id":"https:\/\/www.worldofsmilesdentistry.com\/es\/#website","url":"https:\/\/www.worldofsmilesdentistry.com\/es\/","name":"DIGI Dental Smiles","description":"Our dental office is devoted to serving our community and ensuring everyone has affordable access to dental care. We have several payment options available in addition to dental insurance, including Medicaid and CareCredit.","inLanguage":"es-MX","publisher":{"@id":"https:\/\/www.worldofsmilesdentistry.com\/es\/#organization"}}]},"og:locale":"es_MX","og:site_name":"World of Smiles | Our dental office is devoted to serving our community and ensuring everyone has affordable access to dental care. We have several payment options available in addition to dental insurance, including Medicaid and CareCredit.","og:type":"company","og:title":"Orthodontics in Beaumont | World of Smiles","og:description":"At World of Smiles, our dentists are experienced in providing the latest children and teen orthodontic treatments in Beaumont.","og:url":"https:\/\/www.worldofsmilesdentistry.com\/es\/services\/orthodontics\/","og:image":"https:\/\/www.worldofsmilesdentistry.com\/wp-content\/uploads\/2024\/05\/ChildOrthodontics.jpg","og:image:secure_url":"https:\/\/www.worldofsmilesdentistry.com\/wp-content\/uploads\/2024\/05\/ChildOrthodontics.jpg","og:image:width":600,"og:image:height":600,"twitter:card":"summary_large_image","twitter:title":"Orthodontics in Beaumont | World of Smiles","twitter:description":"At World of Smiles, our dentists are experienced in providing the latest children and teen orthodontic treatments in Beaumont.","twitter:image":"https:\/\/www.worldofsmilesdentistry.com\/wp-content\/uploads\/2021\/12\/logo-300x300-1.png"},"aioseo_meta_data":{"post_id":"3300","title":"#post_title in Beaumont #separator_sa #site_title","description":"#custom_field-Meta_Description","keywords":null,"keyphrases":{"focus":{"keyphrase":"","score":0,"analysis":{"keyphraseInTitle":{"score":0,"maxScore":9,"error":1}}},"additional":[]},"primary_term":null,"canonical_url":null,"og_title":null,"og_description":null,"og_object_type":"default","og_image_type":"default","og_image_url":null,"og_image_width":null,"og_image_height":null,"og_image_custom_url":null,"og_image_custom_fields":null,"og_video":"","og_custom_url":null,"og_article_section":null,"og_article_tags":null,"twitter_use_og":false,"twitter_card":"default","twitter_image_type":"default","twitter_image_url":null,"twitter_image_custom_url":null,"twitter_image_custom_fields":null,"twitter_title":null,"twitter_description":null,"schema":{"blockGraphs":[],"customGraphs":[],"default":{"data":{"Article":[],"Course":[],"Dataset":[],"FAQPage":[],"Movie":[],"Person":[],"Product":[],"ProductReview":[],"Car":[],"Recipe":[],"Service":[],"SoftwareApplication":[],"WebPage":[]},"graphName":"WebPage","isEnabled":true},"graphs":[]},"schema_type":"default","schema_type_options":null,"pillar_content":false,"robots_default":true,"robots_noindex":false,"robots_noarchive":false,"robots_nosnippet":false,"robots_nofollow":false,"robots_noimageindex":false,"robots_noodp":false,"robots_notranslate":false,"robots_max_snippet":"-1","robots_max_videopreview":"-1","robots_max_imagepreview":"large","priority":null,"frequency":"default","local_seo":null,"seo_analyzer_scan_date":"2025-10-24 21:23:39","limit_modified_date":false,"open_ai":"{\"title\":{\"suggestions\":[],\"usage\":0},\"description\":{\"suggestions\":[],\"usage\":0}}","ai":null,"created":"2024-04-01 19:11:10","updated":"2025-10-24 21:23:39"},"aioseo_breadcrumb":"<div class=\"aioseo-breadcrumbs\"><span class=\"aioseo-breadcrumb\">\n\t<a href=\"https:\/\/www.worldofsmilesdentistry.com\/es\" title=\"Home\">Home<\/a>\n<\/span><span class=\"aioseo-breadcrumb-separator\">&raquo;<\/span><span class=\"aioseo-breadcrumb\">\n\t<a href=\"https:\/\/www.worldofsmilesdentistry.com\/es\/services\/\" title=\"Services\">Services<\/a>\n<\/span><span class=\"aioseo-breadcrumb-separator\">&raquo;<\/span><span class=\"aioseo-breadcrumb\">\n\tOrthodontics\n<\/span><\/div>","aioseo_breadcrumb_json":[{"label":"Home","link":"https:\/\/www.worldofsmilesdentistry.com\/es"},{"label":"Services","link":"https:\/\/www.worldofsmilesdentistry.com\/es\/services\/"},{"label":"Orthodontics","link":"https:\/\/www.worldofsmilesdentistry.com\/es\/services\/orthodontics\/"}],"_links":{"self":[{"href":"https:\/\/www.worldofsmilesdentistry.com\/es\/wp-json\/wp\/v2\/pages\/3300","targetHints":{"allow":["GET"]}}],"collection":[{"href":"https:\/\/www.worldofsmilesdentistry.com\/es\/wp-json\/wp\/v2\/pages"}],"about":[{"href":"https:\/\/www.worldofsmilesdentistry.com\/es\/wp-json\/wp\/v2\/types\/page"}],"author":[{"embeddable":true,"href":"https:\/\/www.worldofsmilesdentistry.com\/es\/wp-json\/wp\/v2\/users\/2"}],"replies":[{"embeddable":true,"href":"https:\/\/www.worldofsmilesdentistry.com\/es\/wp-json\/wp\/v2\/comments?post=3300"}],"version-history":[{"count":0,"href":"https:\/\/www.worldofsmilesdentistry.com\/es\/wp-json\/wp\/v2\/pages\/3300\/revisions"}],"up":[{"embeddable":true,"href":"https:\/\/www.worldofsmilesdentistry.com\/es\/wp-json\/wp\/v2\/pages\/45"}],"wp:featuredmedia":[{"embeddable":true,"href":"https:\/\/www.worldofsmilesdentistry.com\/es\/wp-json\/wp\/v2\/media\/3658"}],"wp:attachment":[{"href":"https:\/\/www.worldofsmilesdentistry.com\/es\/wp-json\/wp\/v2\/media?parent=3300"}],"curies":[{"name":"wp","href":"https:\/\/api.w.org\/{rel}","templated":true}]}}