{"id":3436,"date":"2024-04-12T10:11:14","date_gmt":"2024-04-12T16:11:14","guid":{"rendered":"https:\/\/www.worldofsmilesdentistry.com\/?page_id=3436"},"modified":"2024-08-06T15:49:43","modified_gmt":"2024-08-06T21:49:43","slug":"cuidado-de-los-dientes-de-leche-2","status":"publish","type":"page","link":"https:\/\/www.worldofsmilesdentistry.com\/es\/services\/infant-toddler-dentistry\/primary-teeth\/","title":{"rendered":"Cuidado de los dientes de leche"},"content":{"rendered":"<h2>Cuidado de los dientes de leche en Beaumont, TX<\/h2>\n<p>Normalmente, los primeros dientes de leche del beb\u00e9 empiezan a salir entre los seis y los diez meses de edad, y suelen aparecer de uno en uno. Una vez que aparecen los primeros, siguen saliendo piezas nuevas cada pocos meses. Contemplar c\u00f3mo crece y cambia tu peque\u00f1o es a la vez una alegr\u00eda y un reto. Es asombroso presenciar c\u00f3mo va tomando forma la sonrisa de un beb\u00e9, pero la dentici\u00f3n viene acompa\u00f1ada de dolor y nerviosismo. Aqu\u00ed encontrar\u00e1s algunos consejos \u00fatiles de nuestro equipo para controlar el dolor y el malestar que provoca la dentici\u00f3n de tu hijo.<\/p>\n<p>Desde World of Smiles queremos cuidar contigo de esa sonrisita. Informar a los padres sobre <a href=\"\/es\/servicios\/odontologia-infantil\/teething\/\">la dentici\u00f3n<\/a>, los plazos de desarrollo de los dientes y el cuidado bucal es parte de nuestro trabajo, \u00a1y lo disfrutamos mucho!<\/p>\n<h2>Cu\u00e1ndo aparecen los dientes de leche<\/h2>\n<p>El desarrollo de los dientes en beb\u00e9s y ni\u00f1os sigue un calendario preestablecido. A continuaci\u00f3n te indicamos los plazos previsibles, siempre teniendo en cuenta que puede haber unos meses de diferencia.<\/p>\n<ul>\n<li>Los incisivos centrales inferiores aparecen a los 6-10 meses.<\/li>\n<li>Los incisivos centrales superiores aparecen a los 8-12 meses.<\/li>\n<li>Los incisivos laterales superiores aparecen a los 9-13 meses.<\/li>\n<li>Los primeros molares inferiores aparecen entre los 10 y los 16 meses.<\/li>\n<li>Los caninos superiores (caninos) aparecen a los 16-22 meses.<\/li>\n<li>Los caninos inferiores (caninos) aparecen a los 17-23 meses.<\/li>\n<li>Los primeros y segundos molares superiores e inferiores aparecen a los 14-33 meses.<\/li>\n<\/ul>\n<blockquote>\n<h5><em> <img loading=\"lazy\" decoding=\"async\" class=\"alignnone wp-image-3764\" src=\"https:\/\/www.worldofsmilesdentistry.com\/wp-content\/uploads\/2024\/07\/lightbulb.png\" alt=\"\" width=\"35\" height=\"35\" srcset=\"https:\/\/www.worldofsmilesdentistry.com\/wp-content\/uploads\/2024\/07\/lightbulb.png 64w, https:\/\/www.worldofsmilesdentistry.com\/wp-content\/uploads\/2024\/07\/lightbulb-12x12.png 12w\" sizes=\"(max-width: 35px) 100vw, 35px\" \/>\u00bfSAB\u00cdAS QU\u00c9? <\/em><\/h5>\n<p><em>De cada 2000-3500 beb\u00e9s, uno nace con uno o m\u00e1s dientes. Estos dientes \u201cnatales\u201d suelen presentar malformaciones, por lo que, para evitar futuras irritaciones o lesiones, se extraen antes de que el beb\u00e9 abandone el hospital.<\/em><\/p><\/blockquote>\n<h2>C\u00f3mo cuidar los nuevos dientes del beb\u00e9<\/h2>\n<p>Ba\u00f1ar regularmente al beb\u00e9 forma parte de una buena higiene, as\u00ed como tambi\u00e9n lo es limpiarle la boca despu\u00e9s de comer. Utiliza una toalla de felpa suave y h\u00fameda para limpiar suavemente la parte anterior y posterior de las enc\u00edas del lactante tras la toma.<\/p>\n<p>Cuando le salga el primer diente, probablemente el incisivo central inferior, l\u00edmpiaselo con un cepillo de dientes blando y peque\u00f1o y una cantidad de pasta dent\u00edfrica no fluorada del tama\u00f1o de un guisante. A medida que aparezcan otros dientes de leche, puedes empezar <a href=\"\/es\/servicios\/cuidado-dental-preventivo\/uso-del-hilo-dental\/\">pasar hilo dental<\/a> tambi\u00e9n con hilo dental.<\/p>\n<p>Trae a tu hijo a la consulta para realizarle una revisi\u00f3n antes de su primer cumplea\u00f1os, despu\u00e9s de la aparici\u00f3n del primer diente. Nuestro dentista infantil te informar\u00e1 sobre el cuidado y el desarrollo bucal. Tambi\u00e9n evaluaremos el interior de la boca del beb\u00e9 para valorar los dientes de leche y el desarrollo oral estructural.<\/p>\n<h2>Cuidado de los dientes de leche de tu hijo<\/h2>\n<p>A partir de los tres a\u00f1os, tu hijo puede empezar a usar pasta dent\u00edfrica fluorada si la escupe en lugar de trag\u00e1rsela. Si se lleva a cabo un cuidado dental preventivo en casa y se acude a nuestra consulta de Beaumont para las revisiones pertinentes, se reducir\u00e1 significativamente la posibilidad de que aparezcan caries y enfermedades de las enc\u00edas.<\/p>\n<p>Tu hijo debe acudir a nuestra consulta dos veces al a\u00f1o, una vez cada seis meses. Durante estas visitas, nuestro dentista infantil realizar\u00e1 un examen completo de su salud bucodental. A los cuatro o cinco a\u00f1os, tu peque\u00f1o tambi\u00e9n puede empezar a hacerse limpiezas dentales profesionales. Recomendamos encarecidamente la aplicaci\u00f3n de fl\u00faor suplementario y selladores dentales para reducir a\u00fan m\u00e1s el riesgo de caries en los dientes de leche.<\/p>\n<p>En casa, cepilla los dientes de tu hijo hasta los cinco o seis a\u00f1os, y luego perm\u00edtele realizar la tarea, pero vigila de cerca su t\u00e9cnica y ofr\u00e9cele consejos. Los pasos b\u00e1sicos para una higiene bucal eficaz en casa son:<\/p>\n<ul>\n<li>Cepillar los dientes despu\u00e9s del desayuno.<\/li>\n<li>Cepillar los dientes y usar hilo dental despu\u00e9s de cenar.<\/li>\n<li>No le dejes bebiendo del biber\u00f3n en la cama, a menos que s\u00f3lo contenga agua.<\/li>\n<li>Restringe la cantidad de az\u00facares y almidones en la dieta de tu hijo.<\/li>\n<li>Acude a nuestra consulta cada seis meses para una revisi\u00f3n y limpieza dental.<\/li>\n<li>Ll\u00e1manos si observas alguna anomal\u00eda en la boca de tu hijo o si se queja de dolor de muelas.<\/li>\n<\/ul>\n<h2>Mant\u00e9n sana la sonrisa de tu hijo<\/h2>\n<p>Nuestra cl\u00ednica est\u00e1 dise\u00f1ada para satisfacer las necesidades de los ni\u00f1os, desde la decoraci\u00f3n alegre y divertida hasta el instrumental y la tecnolog\u00eda que empleamos. Nos entendemos a la perfecci\u00f3n con los pacientes j\u00f3venes y tenemos experiencia a la hora de ayudarles a sentirse c\u00f3modos, seguros y positivos durante las visitas al dentista. <a href=\"\/es\/contacto\/\">Contacta con nuestra consulta hoy<\/a> mismo para concertar una cita para la revisi\u00f3n de tu hijo, \u00a1mant\u00e9n su sonrisa sana para toda la vida!<\/p>","protected":false},"excerpt":{"rendered":"<p>Cuidar los dientes de leche de tu hijo es de vital importancia. El cuidado dental preventivo en casa y en nuestra consulta de Beaumont reducir\u00e1 significativamente la aparici\u00f3n tanto de caries como de enfermedades de las enc\u00edas. <\/p>","protected":false},"author":2,"featured_media":3752,"parent":3402,"menu_order":0,"comment_status":"closed","ping_status":"closed","template":"","meta":{"_et_pb_use_builder":"","_et_pb_old_content":"","_et_gb_content_width":"","_monsterinsights_skip_tracking":false,"_monsterinsights_sitenote_active":false,"_monsterinsights_sitenote_note":"","_monsterinsights_sitenote_category":0,"footnotes":""},"class_list":["post-3436","page","type-page","status-publish","has-post-thumbnail","hentry"],"aioseo_notices":[],"_links":{"self":[{"href":"https:\/\/www.worldofsmilesdentistry.com\/es\/wp-json\/wp\/v2\/pages\/3436","targetHints":{"allow":["GET"]}}],"collection":[{"href":"https:\/\/www.worldofsmilesdentistry.com\/es\/wp-json\/wp\/v2\/pages"}],"about":[{"href":"https:\/\/www.worldofsmilesdentistry.com\/es\/wp-json\/wp\/v2\/types\/page"}],"author":[{"embeddable":true,"href":"https:\/\/www.worldofsmilesdentistry.com\/es\/wp-json\/wp\/v2\/users\/2"}],"replies":[{"embeddable":true,"href":"https:\/\/www.worldofsmilesdentistry.com\/es\/wp-json\/wp\/v2\/comments?post=3436"}],"version-history":[{"count":0,"href":"https:\/\/www.worldofsmilesdentistry.com\/es\/wp-json\/wp\/v2\/pages\/3436\/revisions"}],"up":[{"embeddable":true,"href":"https:\/\/www.worldofsmilesdentistry.com\/es\/wp-json\/wp\/v2\/pages\/3402"}],"wp:featuredmedia":[{"embeddable":true,"href":"https:\/\/www.worldofsmilesdentistry.com\/es\/wp-json\/wp\/v2\/media\/3752"}],"wp:attachment":[{"href":"https:\/\/www.worldofsmilesdentistry.com\/es\/wp-json\/wp\/v2\/media?parent=3436"}],"curies":[{"name":"wp","href":"https:\/\/api.w.org\/{rel}","templated":true}]}}