{"id":3474,"date":"2024-04-15T12:18:35","date_gmt":"2024-04-15T18:18:35","guid":{"rendered":"https:\/\/www.worldofsmilesdentistry.com\/?page_id=3474"},"modified":"2025-10-24T15:09:52","modified_gmt":"2025-10-24T21:09:52","slug":"que-resultados-ofrece-una-ortodoncia","status":"publish","type":"page","link":"https:\/\/www.worldofsmilesdentistry.com\/es\/services\/orthodontics\/how-braces-work\/","title":{"rendered":"Qu\u00e9 resultados ofrece una ortodoncia"},"content":{"rendered":"<h2>Qu\u00e9 resultados ofrece una ortodoncia en Beaumont, TX<\/h2>\n<p>Si tu hijo necesita una ortodoncia, conviene que conozcas las opciones de tratamiento y qu\u00e9 va a ocurrir durante el mismo. Estamos siempre a disposici\u00f3n de pacientes y cuidadores, y si les surge alguna duda, la resolvemos como profesionales de la odontolog\u00eda. Cuanto mejor entiendan el tratamiento de ortodoncia el paciente y el cuidador, m\u00e1s capacitados se sentir\u00e1n a la hora de tomar decisiones y m\u00e1s preparados estar\u00e1n para la ortodoncia.<\/p>\n<blockquote>\n<h5><em><img loading=\"lazy\" decoding=\"async\" class=\"alignnone wp-image-3764\" src=\"https:\/\/www.worldofsmilesdentistry.com\/wp-content\/uploads\/2024\/07\/lightbulb.png\" alt=\"\" width=\"35\" height=\"35\" srcset=\"https:\/\/www.worldofsmilesdentistry.com\/wp-content\/uploads\/2024\/07\/lightbulb.png 64w, https:\/\/www.worldofsmilesdentistry.com\/wp-content\/uploads\/2024\/07\/lightbulb-12x12.png 12w\" sizes=\"(max-width: 35px) 100vw, 35px\" \/>\u00bfSAB\u00cdAS QU\u00c9?<\/em><\/h5>\n<p> Los antiguos romanos utilizaban aparatos de ortodoncia fijando un alambre de oro, conocido como alambre de ligadura, ensartado en los dientes.<\/em><\/p><\/blockquote>\n<h2>Opciones de tratamiento ortod\u00f3ncico<\/h2>\n<p>En primer lugar, nuestro equipo estudiar\u00e1 las distintas opciones de tratamiento disponibles para tu hijo. Ten en cuenta que no todos los casos permiten aplicar todas las soluciones. Algunos pacientes necesitan un tipo espec\u00edfico de aparato, y nuestro equipo te informar\u00e1 de las alternativas disponibles para tu hijo.<\/p>\n<h2>Pasos del tratamiento de ortodoncia<\/h2>\n<p>Aunque la experiencia de cada paciente es \u00fanica, los siguientes pasos son los habituales durante la etapa de ortodoncia.<\/p>\n<ol>\n<li>Nuestro equipo atiende la <a href=\"\/es\/servicios\/ortodoncia\/consulta-gratuita-de-ortodoncia\/\">consulta inicial<\/a> y realiza radiograf\u00edas.<\/li>\n<li>Colocamos los brackets y alambres en los dientes (para los aparatos dentales tradicionales).<\/li>\n<li>El paciente acude a las visitas cada seis semanas para realizar ajustes o cambiar los alineadores.<\/li>\n<li>Retiramos los aparatos al finalizar el tratamiento.<\/li>\n<li>El paciente utiliza un retenedor de forma continua para mantener los dientes alineados.<\/li>\n<\/ol>\n<h2>Los brackets de tu hijo<\/h2>\n<p>En la mayor\u00eda de los casos, la soluci\u00f3n m\u00e1s adecuada para los ni\u00f1os son los <a href=\"\/es\/servicios\/ortodoncia\/correctores-dentales-clasicos\/\">aparatos met\u00e1licos tradicionales<\/a>. Trae a tus hijos a una consulta de ortodoncia entre los 7 y los 10 a\u00f1os. Nuestro ortodoncista infantil determinar\u00e1 si los dientes est\u00e1n bien espaciados, la mand\u00edbula est\u00e1 alineada y el paladar superior es lo bastante ancho como para alojar los dientes permanentes.<\/p>\n<p>Los ni\u00f1os peque\u00f1os que necesiten aparatos, espaciadores o un expansor palatino entrar\u00e1n en la Fase 1 del tratamiento ortod\u00f3ncico para preparar la boca para unos dientes correctamente espaciados y alineados. La duraci\u00f3n del tratamiento var\u00eda seg\u00fan el caso, pero suele oscilar entre 6 y 18 meses. Una vez finalizado el procedimiento, hay que llevar un retenedor para mantener la alineaci\u00f3n.<\/p>\n<p>La fase 2 del tratamiento de ortodoncia suele comenzar alrededor de los 11 a\u00f1os en adelante. La ortodoncia de fase 2 se centra en alinear correctamente los dientes permanentes y puede durar, por t\u00e9rmino medio, de 12 a 20 meses.<\/p>\n<h2>Inicio del tratamiento de ortodoncia<\/h2>\n<p>La terapia ortod\u00f3ncica para tu hijo no tiene por qu\u00e9 ser una experiencia aterradora. \u00a1Al informarse sobre el funcionamiento de los aparatos y saber qu\u00e9 ocurrir\u00e1 durante el tratamiento, todo el proceso puede transcurrir sin estr\u00e9s! Ponte hoy mismo en contacto con nuestra consulta de Beaumont para concertar una <a href=\"\/es\/servicios\/ortodoncia\/consulta-gratuita-de-ortodoncia\/\">Consulta gratuita de ortodoncia<\/a> para tu hijo.<\/p>","protected":false},"excerpt":{"rendered":"<p>Cuando tu hijo empieza un tratamiento de ortodoncia, puede ser muy importante que todos sepan qu\u00e9 se puede esperar y c\u00f3mo funcionan los aparatos. El equipo de World of Smiles est\u00e1 aqu\u00ed para responder a cualquier pregunta que te surja.<\/p>","protected":false},"author":2,"featured_media":3654,"parent":3300,"menu_order":0,"comment_status":"closed","ping_status":"closed","template":"","meta":{"_et_pb_use_builder":"","_et_pb_old_content":"","_et_gb_content_width":"","_monsterinsights_skip_tracking":false,"_monsterinsights_sitenote_active":false,"_monsterinsights_sitenote_note":"","_monsterinsights_sitenote_category":0,"footnotes":""},"class_list":["post-3474","page","type-page","status-publish","has-post-thumbnail","hentry"],"aioseo_notices":[],"_links":{"self":[{"href":"https:\/\/www.worldofsmilesdentistry.com\/es\/wp-json\/wp\/v2\/pages\/3474","targetHints":{"allow":["GET"]}}],"collection":[{"href":"https:\/\/www.worldofsmilesdentistry.com\/es\/wp-json\/wp\/v2\/pages"}],"about":[{"href":"https:\/\/www.worldofsmilesdentistry.com\/es\/wp-json\/wp\/v2\/types\/page"}],"author":[{"embeddable":true,"href":"https:\/\/www.worldofsmilesdentistry.com\/es\/wp-json\/wp\/v2\/users\/2"}],"replies":[{"embeddable":true,"href":"https:\/\/www.worldofsmilesdentistry.com\/es\/wp-json\/wp\/v2\/comments?post=3474"}],"version-history":[{"count":0,"href":"https:\/\/www.worldofsmilesdentistry.com\/es\/wp-json\/wp\/v2\/pages\/3474\/revisions"}],"up":[{"embeddable":true,"href":"https:\/\/www.worldofsmilesdentistry.com\/es\/wp-json\/wp\/v2\/pages\/3300"}],"wp:featuredmedia":[{"embeddable":true,"href":"https:\/\/www.worldofsmilesdentistry.com\/es\/wp-json\/wp\/v2\/media\/3654"}],"wp:attachment":[{"href":"https:\/\/www.worldofsmilesdentistry.com\/es\/wp-json\/wp\/v2\/media?parent=3474"}],"curies":[{"name":"wp","href":"https:\/\/api.w.org\/{rel}","templated":true}]}}