{"id":3479,"date":"2024-04-15T12:25:51","date_gmt":"2024-04-15T18:25:51","guid":{"rendered":"https:\/\/www.worldofsmilesdentistry.com\/?page_id=3479"},"modified":"2025-10-24T15:10:08","modified_gmt":"2025-10-24T21:10:08","slug":"aparatos-de-ortodoncia","status":"publish","type":"page","link":"https:\/\/www.worldofsmilesdentistry.com\/es\/services\/orthodontics\/orthodontic-appliances\/","title":{"rendered":"Aparatos de ortodoncia"},"content":{"rendered":"<h2>Aparatos de ortodoncia en Beaumont, TX<\/h2>\n<p>En ortodoncia utilizamos diversos aparatos para alinear y enderezar los dientes, ajustar la mordida y mejorar la salud bucal general. Cada aparato tiene una finalidad distinta, por lo que el plan de tratamiento de tu hijo puede incluir uno o varios de los siguientes elementos:<\/p>\n<ul>\n<li><strong>Placa de mordida:<\/strong> Aparato fijo que se lleva hasta cuatro meses para proteger los brackets inferiores y reducir la profundidad de la mordida. En pocas palabras, la placa de mordida permite que los molares y el hueso crezcan mientras mantiene los dientes frontales en su posici\u00f3n. Hay que acostumbrarse a comer con una placa de mordida, pero merece la pena por los resultados que se obtienen al finalizar el tratamiento. <a href=\"\/wp-content\/uploads\/2024\/05\/Bite-plate.pdf\" target=\"_blank\" rel=\"noopener\">Descarga aqu\u00ed nuestra p\u00e1gina de informaci\u00f3n sobre la placa de mordida.<\/a><\/li>\n<li><strong>El\u00e1sticos: <\/strong>Las gomas el\u00e1sticas, tambi\u00e9n conocidas como el\u00e1sticos, bandas o ligaduras, ejercen una fuerza suave que desplaza los dientes en una direcci\u00f3n determinada para as\u00ed corregir los problemas de mordida. Los ni\u00f1os pueden elegir los colores de los el\u00e1sticos cuando los cambiamos en las visitas de ajuste. <a href=\"\/wp-content\/uploads\/2024\/05\/Elastics.pdf\" target=\"_blank\" rel=\"noopener\">Descarga aqu\u00ed nuestras instrucciones sobre el\u00e1sticos\/bandas de goma.<\/a><\/li>\n<li><strong>Muelles de Forsus: <\/strong>Formalmente conocidos como dispositivo de resistencia a la fatiga Forsus, o FRD, los muelles Forsus son aparatos fijos que se llevan durante unos meses para corregir una sobremordida. <a href=\"\/wp-content\/uploads\/2024\/05\/Forsus-Springs.pdf\" target=\"_blank\" rel=\"noopener\">Descarga aqu\u00ed nuestra p\u00e1gina de informaci\u00f3n sobre los muelles Forsus.<\/a><\/li>\n<li><strong>Aparato extraoral: <\/strong>Este aparato consiste en una gorra unida a un dispositivo de alambre, y se lleva fuera de la boca. Utilizado en algunos casos con aparatos de ortodoncia, el aparato extraoral ayuda a dirigir el crecimiento de la mand\u00edbula y a corregir problemas de mordida. <a href=\"\/wp-content\/uploads\/2024\/05\/Headgear.pdf\" target=\"_blank\" rel=\"noopener\">Descarga aqu\u00ed nuestra p\u00e1gina de informaci\u00f3n sobre el aparato extraoral.<\/a><\/li>\n<li><strong>Aparato MARA\/Herbst: <\/strong>Un aparato Herbst soluciona las sobremordidas obligando al maxilar inferior a crecer hacia fuera. El aparato en s\u00ed consta de unas varillas met\u00e1licas que fijamos a unas bandas en los molares. El aparato MARA es menos voluminoso y m\u00e1s c\u00f3modo. Sus varillas met\u00e1licas tienen articulaciones acodadas. Como MARA puede llevarse junto con los aparatos de ortodoncia, puede reducir el tiempo de tratamiento. <a href=\"\/wp-content\/uploads\/2024\/05\/MARA.-Herbst-instructions.pdf\" target=\"_blank\" rel=\"noopener\">Descarga aqu\u00ed nuestra p\u00e1gina de informaci\u00f3n sobre los aparatos MARA\/Herbst.<\/a><\/li>\n<li><strong>Retenedores: <\/strong>Los retenedores ortod\u00f3ncicos, que se llevan una vez retirados los aparatos, mantienen la alineaci\u00f3n de los dientes. Podemos recomendar un retenedor fijo o extra\u00edble. Tambi\u00e9n te diremos con qu\u00e9 frecuencia debe llevar tu hijo el retenedor y durante cu\u00e1nto tiempo. <a href=\"\/wp-content\/uploads\/2024\/05\/Retainers-instructions.pdf\" target=\"_blank\" rel=\"noopener\">Descarga aqu\u00ed nuestra p\u00e1gina de informaci\u00f3n sobre retenedores.<\/a><\/li>\n<li><strong>Arn\u00e9s de tracci\u00f3n inversa: <\/strong>Este dispositivo es similar al arn\u00e9s est\u00e1ndar, pero en lugar de ser el maxilar inferior el que obliga a crecer hacia fuera, es el superior. Esto puede corregir una submordida y eliminar la necesidad de una intervenci\u00f3n quir\u00fargica posterior. <a href=\"\/wp-content\/uploads\/2024\/05\/Reverse-Pull-Headgear.pdf\" target=\"_blank\" rel=\"noopener\">Descarga aqu\u00ed nuestra p\u00e1gina de informaci\u00f3n sobre el arn\u00e9s de tracci\u00f3n inversa.<\/a><\/li>\n<li><strong>RPE (Expansor palatino r\u00e1pido): <\/strong>El RPE ampl\u00eda la anchura de la mand\u00edbula, guiando el crecimiento hacia fuera a ambos lados de la misma. Esto puede corregir problemas de mordida cruzada o api\u00f1amiento. Los RPE incorporan una llave que ajusta la expansi\u00f3n. <a href=\"\/wp-content\/uploads\/2024\/05\/RPE.pdf\" target=\"_blank\" rel=\"noopener\">Descarga aqu\u00ed nuestra p\u00e1gina de informaci\u00f3n sobre el RPE.<\/a><\/li>\n<\/ul>\n<blockquote>\n<h5><em><img loading=\"lazy\" decoding=\"async\" class=\"alignnone wp-image-3764\" src=\"https:\/\/www.worldofsmilesdentistry.com\/wp-content\/uploads\/2024\/07\/lightbulb.png\" alt=\"\" width=\"35\" height=\"35\" srcset=\"https:\/\/www.worldofsmilesdentistry.com\/wp-content\/uploads\/2024\/07\/lightbulb.png 64w, https:\/\/www.worldofsmilesdentistry.com\/wp-content\/uploads\/2024\/07\/lightbulb-12x12.png 12w\" sizes=\"(max-width: 35px) 100vw, 35px\" \/>\u00bfSAB\u00cdAS QU\u00c9?<\/em><\/h5>\n<p> Los aparatos dentales no s\u00f3lo sirven para enderezar los dientes de tu hijo, tambi\u00e9n pueden utilizarse para aliviar diversos problemas, como la dificultad para hablar, problemas respiratorios y dificultad para masticar y tragar.<\/em><\/p><\/blockquote>\n<h2>Empieza ya el tratamiento de ortodoncia en Beaumont<\/h2>\n<p>Si tu hijo est\u00e1 listo para empezar con la terapia de ortodoncia, visita hoy World of Smiles y solicita una consulta de ortodoncia gratuita con nuestro equipo. Estamos deseando conocerte a ti y a tu hijo.<\/p>","protected":false},"excerpt":{"rendered":"<p>Desde placas de mordida hasta aparatos de ortodoncia, usamos diversos dispositivos para corregir la alineaci\u00f3n de los dientes y el desarrollo de los maxilares. <\/p>","protected":false},"author":2,"featured_media":3650,"parent":3300,"menu_order":0,"comment_status":"closed","ping_status":"closed","template":"","meta":{"_et_pb_use_builder":"","_et_pb_old_content":"","_et_gb_content_width":"","_monsterinsights_skip_tracking":false,"_monsterinsights_sitenote_active":false,"_monsterinsights_sitenote_note":"","_monsterinsights_sitenote_category":0,"footnotes":""},"class_list":["post-3479","page","type-page","status-publish","has-post-thumbnail","hentry"],"aioseo_notices":[],"aioseo_head":"\n\t\t<!-- All in One SEO Pro 4.9.6.2 - aioseo.com -->\n\t<meta name=\"description\" content=\"At World of Smiles, we use a variety of appliances to align and straighten teeth, adjust the bite, and improve overall oral health. Here is some helpful information about these appliances.\" \/>\n\t<meta name=\"robots\" content=\"max-image-preview:large\" \/>\n\t<link rel=\"canonical\" href=\"https:\/\/www.worldofsmilesdentistry.com\/es\/services\/orthodontics\/orthodontic-appliances\/\" \/>\n\t<meta name=\"generator\" content=\"All in One SEO Pro (AIOSEO) 4.9.6.2\" \/>\n\t\t<meta property=\"og:locale\" content=\"es_MX\" \/>\n\t\t<meta property=\"og:site_name\" content=\"World of Smiles | Our dental office is devoted to serving our community and ensuring everyone has affordable access to dental care. We have several payment options available in addition to dental insurance, including Medicaid and CareCredit.\" \/>\n\t\t<meta property=\"og:type\" content=\"company\" \/>\n\t\t<meta property=\"og:title\" content=\"Orthodontic Appliances in Beaumont | World of Smiles\" \/>\n\t\t<meta property=\"og:description\" content=\"At World of Smiles, we use a variety of appliances to align and straighten teeth, adjust the bite, and improve overall oral health. Here is some helpful information about these appliances.\" \/>\n\t\t<meta property=\"og:url\" content=\"https:\/\/www.worldofsmilesdentistry.com\/es\/services\/orthodontics\/orthodontic-appliances\/\" \/>\n\t\t<meta property=\"og:image\" content=\"https:\/\/www.worldofsmilesdentistry.com\/wp-content\/uploads\/2024\/05\/Orthodontic-Appliances.jpg\" \/>\n\t\t<meta property=\"og:image:secure_url\" content=\"https:\/\/www.worldofsmilesdentistry.com\/wp-content\/uploads\/2024\/05\/Orthodontic-Appliances.jpg\" \/>\n\t\t<meta property=\"og:image:width\" content=\"600\" \/>\n\t\t<meta property=\"og:image:height\" content=\"600\" \/>\n\t\t<meta name=\"twitter:card\" content=\"summary_large_image\" \/>\n\t\t<meta name=\"twitter:title\" content=\"Orthodontic Appliances in Beaumont | World of Smiles\" \/>\n\t\t<meta name=\"twitter:description\" content=\"At World of Smiles, we use a variety of appliances to align and straighten teeth, adjust the bite, and improve overall oral health. Here is some helpful information about these appliances.\" \/>\n\t\t<meta name=\"twitter:image\" content=\"https:\/\/www.worldofsmilesdentistry.com\/wp-content\/uploads\/2021\/12\/logo-300x300-1.png\" \/>\n\t\t<script type=\"application\/ld+json\" class=\"aioseo-schema\">\n\t\t\t{\"@context\":\"https:\\\/\\\/schema.org\",\"@graph\":[{\"@type\":\"BreadcrumbList\",\"@id\":\"https:\\\/\\\/www.worldofsmilesdentistry.com\\\/es\\\/services\\\/orthodontics\\\/orthodontic-appliances\\\/#breadcrumblist\",\"itemListElement\":[{\"@type\":\"ListItem\",\"@id\":\"https:\\\/\\\/www.worldofsmilesdentistry.com\\\/es#listItem\",\"position\":1,\"name\":\"Home\",\"item\":\"https:\\\/\\\/www.worldofsmilesdentistry.com\\\/es\",\"nextItem\":{\"@type\":\"ListItem\",\"@id\":\"https:\\\/\\\/www.worldofsmilesdentistry.com\\\/es\\\/services\\\/#listItem\",\"name\":\"Services\"}},{\"@type\":\"ListItem\",\"@id\":\"https:\\\/\\\/www.worldofsmilesdentistry.com\\\/es\\\/services\\\/#listItem\",\"position\":2,\"name\":\"Services\",\"item\":\"https:\\\/\\\/www.worldofsmilesdentistry.com\\\/es\\\/services\\\/\",\"nextItem\":{\"@type\":\"ListItem\",\"@id\":\"https:\\\/\\\/www.worldofsmilesdentistry.com\\\/es\\\/services\\\/orthodontics\\\/#listItem\",\"name\":\"Orthodontics\"},\"previousItem\":{\"@type\":\"ListItem\",\"@id\":\"https:\\\/\\\/www.worldofsmilesdentistry.com\\\/es#listItem\",\"name\":\"Home\"}},{\"@type\":\"ListItem\",\"@id\":\"https:\\\/\\\/www.worldofsmilesdentistry.com\\\/es\\\/services\\\/orthodontics\\\/#listItem\",\"position\":3,\"name\":\"Orthodontics\",\"item\":\"https:\\\/\\\/www.worldofsmilesdentistry.com\\\/es\\\/services\\\/orthodontics\\\/\",\"nextItem\":{\"@type\":\"ListItem\",\"@id\":\"https:\\\/\\\/www.worldofsmilesdentistry.com\\\/es\\\/services\\\/orthodontics\\\/orthodontic-appliances\\\/#listItem\",\"name\":\"Orthodontic Appliances\"},\"previousItem\":{\"@type\":\"ListItem\",\"@id\":\"https:\\\/\\\/www.worldofsmilesdentistry.com\\\/es\\\/services\\\/#listItem\",\"name\":\"Services\"}},{\"@type\":\"ListItem\",\"@id\":\"https:\\\/\\\/www.worldofsmilesdentistry.com\\\/es\\\/services\\\/orthodontics\\\/orthodontic-appliances\\\/#listItem\",\"position\":4,\"name\":\"Orthodontic Appliances\",\"previousItem\":{\"@type\":\"ListItem\",\"@id\":\"https:\\\/\\\/www.worldofsmilesdentistry.com\\\/es\\\/services\\\/orthodontics\\\/#listItem\",\"name\":\"Orthodontics\"}}]},{\"@type\":\"Organization\",\"@id\":\"https:\\\/\\\/www.worldofsmilesdentistry.com\\\/es\\\/#organization\",\"name\":\"V2 Template\",\"description\":\"Our dental office is devoted to serving our community and ensuring everyone has affordable access to dental care. We have several payment options available in addition to dental insurance, including Medicaid and CareCredit.\",\"url\":\"https:\\\/\\\/www.worldofsmilesdentistry.com\\\/es\\\/\",\"email\":\"info@digisearch.com\",\"telephone\":\"+18554441715\",\"logo\":{\"@type\":\"ImageObject\",\"url\":\"https:\\\/\\\/www.worldofsmilesdentistry.com\\\/wp-content\\\/uploads\\\/2021\\\/12\\\/logo-300x300-1.png\",\"@id\":\"https:\\\/\\\/www.worldofsmilesdentistry.com\\\/es\\\/services\\\/orthodontics\\\/orthodontic-appliances\\\/#organizationLogo\"},\"image\":{\"@id\":\"https:\\\/\\\/www.worldofsmilesdentistry.com\\\/es\\\/services\\\/orthodontics\\\/orthodontic-appliances\\\/#organizationLogo\"},\"address\":{\"@id\":\"https:\\\/\\\/www.worldofsmilesdentistry.com\\\/es\\\/#postaladdress\",\"@type\":\"PostalAddress\",\"streetAddress\":\"6672 N. Northwest Hwy,\",\"postalCode\":\"60631\",\"addressLocality\":\"Chicago\",\"addressRegion\":\"Illinois\",\"addressCountry\":\"US\"}},{\"@type\":\"WebPage\",\"@id\":\"https:\\\/\\\/www.worldofsmilesdentistry.com\\\/es\\\/services\\\/orthodontics\\\/orthodontic-appliances\\\/#webpage\",\"url\":\"https:\\\/\\\/www.worldofsmilesdentistry.com\\\/es\\\/services\\\/orthodontics\\\/orthodontic-appliances\\\/\",\"name\":\"Orthodontic Appliances in Beaumont | World of Smiles\",\"description\":\"At World of Smiles, we use a variety of appliances to align and straighten teeth, adjust the bite, and improve overall oral health. Here is some helpful information about these appliances.\",\"inLanguage\":\"es-MX\",\"isPartOf\":{\"@id\":\"https:\\\/\\\/www.worldofsmilesdentistry.com\\\/es\\\/#website\"},\"breadcrumb\":{\"@id\":\"https:\\\/\\\/www.worldofsmilesdentistry.com\\\/es\\\/services\\\/orthodontics\\\/orthodontic-appliances\\\/#breadcrumblist\"},\"image\":{\"@type\":\"ImageObject\",\"url\":\"https:\\\/\\\/www.worldofsmilesdentistry.com\\\/wp-content\\\/uploads\\\/2024\\\/05\\\/Orthodontic-Appliances.jpg\",\"@id\":\"https:\\\/\\\/www.worldofsmilesdentistry.com\\\/es\\\/services\\\/orthodontics\\\/orthodontic-appliances\\\/#mainImage\",\"width\":600,\"height\":600,\"caption\":\"Girl with Orthodontic Appliances\"},\"primaryImageOfPage\":{\"@id\":\"https:\\\/\\\/www.worldofsmilesdentistry.com\\\/es\\\/services\\\/orthodontics\\\/orthodontic-appliances\\\/#mainImage\"},\"datePublished\":\"2024-04-15T12:25:51-06:00\",\"dateModified\":\"2025-10-24T15:10:08-06:00\"},{\"@type\":\"WebSite\",\"@id\":\"https:\\\/\\\/www.worldofsmilesdentistry.com\\\/es\\\/#website\",\"url\":\"https:\\\/\\\/www.worldofsmilesdentistry.com\\\/es\\\/\",\"name\":\"DIGI Dental Smiles\",\"description\":\"Our dental office is devoted to serving our community and ensuring everyone has affordable access to dental care. We have several payment options available in addition to dental insurance, including Medicaid and CareCredit.\",\"inLanguage\":\"es-MX\",\"publisher\":{\"@id\":\"https:\\\/\\\/www.worldofsmilesdentistry.com\\\/es\\\/#organization\"}}]}\n\t\t<\/script>\n\t\t<!-- All in One SEO Pro -->\r\n\t\t<title>Orthodontic Appliances in Beaumont | World of Smiles<\/title>\n\n","aioseo_head_json":{"title":"Aparatos de ortodoncia en Beaumont | World of Smiles","description":"En World of Smiles usamos diversos aparatos para alinear los dientes, ajustar la mordida y mejorar la salud bucal. Aqu\u00ed te informamos al respecto.","canonical_url":"https:\/\/www.worldofsmilesdentistry.com\/es\/services\/orthodontics\/orthodontic-appliances\/","robots":"max-image-preview:large","keywords":"","webmasterTools":{"miscellaneous":""},"schema":{"@context":"https:\/\/schema.org","@graph":[{"@type":"BreadcrumbList","@id":"https:\/\/www.worldofsmilesdentistry.com\/es\/services\/orthodontics\/orthodontic-appliances\/#breadcrumblist","itemListElement":[{"@type":"ListItem","@id":"https:\/\/www.worldofsmilesdentistry.com\/es#listItem","position":1,"name":"Home","item":"https:\/\/www.worldofsmilesdentistry.com\/es","nextItem":{"@type":"ListItem","@id":"https:\/\/www.worldofsmilesdentistry.com\/es\/services\/#listItem","name":"Services"}},{"@type":"ListItem","@id":"https:\/\/www.worldofsmilesdentistry.com\/es\/services\/#listItem","position":2,"name":"Services","item":"https:\/\/www.worldofsmilesdentistry.com\/es\/services\/","nextItem":{"@type":"ListItem","@id":"https:\/\/www.worldofsmilesdentistry.com\/es\/services\/orthodontics\/#listItem","name":"Orthodontics"},"previousItem":{"@type":"ListItem","@id":"https:\/\/www.worldofsmilesdentistry.com\/es#listItem","name":"Home"}},{"@type":"ListItem","@id":"https:\/\/www.worldofsmilesdentistry.com\/es\/services\/orthodontics\/#listItem","position":3,"name":"Orthodontics","item":"https:\/\/www.worldofsmilesdentistry.com\/es\/services\/orthodontics\/","nextItem":{"@type":"ListItem","@id":"https:\/\/www.worldofsmilesdentistry.com\/es\/services\/orthodontics\/orthodontic-appliances\/#listItem","name":"Orthodontic Appliances"},"previousItem":{"@type":"ListItem","@id":"https:\/\/www.worldofsmilesdentistry.com\/es\/services\/#listItem","name":"Services"}},{"@type":"ListItem","@id":"https:\/\/www.worldofsmilesdentistry.com\/es\/services\/orthodontics\/orthodontic-appliances\/#listItem","position":4,"name":"Orthodontic Appliances","previousItem":{"@type":"ListItem","@id":"https:\/\/www.worldofsmilesdentistry.com\/es\/services\/orthodontics\/#listItem","name":"Orthodontics"}}]},{"@type":"Organization","@id":"https:\/\/www.worldofsmilesdentistry.com\/es\/#organization","name":"V2 Template","description":"Our dental office is devoted to serving our community and ensuring everyone has affordable access to dental care. We have several payment options available in addition to dental insurance, including Medicaid and CareCredit.","url":"https:\/\/www.worldofsmilesdentistry.com\/es\/","email":"info@digisearch.com","telephone":"+18554441715","logo":{"@type":"ImageObject","url":"https:\/\/www.worldofsmilesdentistry.com\/wp-content\/uploads\/2021\/12\/logo-300x300-1.png","@id":"https:\/\/www.worldofsmilesdentistry.com\/es\/services\/orthodontics\/orthodontic-appliances\/#organizationLogo"},"image":{"@id":"https:\/\/www.worldofsmilesdentistry.com\/es\/services\/orthodontics\/orthodontic-appliances\/#organizationLogo"},"address":{"@id":"https:\/\/www.worldofsmilesdentistry.com\/es\/#postaladdress","@type":"PostalAddress","streetAddress":"6672 N. Northwest Hwy,","postalCode":"60631","addressLocality":"Chicago","addressRegion":"Illinois","addressCountry":"US"}},{"@type":"WebPage","@id":"https:\/\/www.worldofsmilesdentistry.com\/es\/services\/orthodontics\/orthodontic-appliances\/#webpage","url":"https:\/\/www.worldofsmilesdentistry.com\/es\/services\/orthodontics\/orthodontic-appliances\/","name":"Orthodontic Appliances in Beaumont | World of Smiles","description":"At World of Smiles, we use a variety of appliances to align and straighten teeth, adjust the bite, and improve overall oral health. Here is some helpful information about these appliances.","inLanguage":"es-MX","isPartOf":{"@id":"https:\/\/www.worldofsmilesdentistry.com\/es\/#website"},"breadcrumb":{"@id":"https:\/\/www.worldofsmilesdentistry.com\/es\/services\/orthodontics\/orthodontic-appliances\/#breadcrumblist"},"image":{"@type":"ImageObject","url":"https:\/\/www.worldofsmilesdentistry.com\/wp-content\/uploads\/2024\/05\/Orthodontic-Appliances.jpg","@id":"https:\/\/www.worldofsmilesdentistry.com\/es\/services\/orthodontics\/orthodontic-appliances\/#mainImage","width":600,"height":600,"caption":"Girl with Orthodontic Appliances"},"primaryImageOfPage":{"@id":"https:\/\/www.worldofsmilesdentistry.com\/es\/services\/orthodontics\/orthodontic-appliances\/#mainImage"},"datePublished":"2024-04-15T12:25:51-06:00","dateModified":"2025-10-24T15:10:08-06:00"},{"@type":"WebSite","@id":"https:\/\/www.worldofsmilesdentistry.com\/es\/#website","url":"https:\/\/www.worldofsmilesdentistry.com\/es\/","name":"DIGI Dental Smiles","description":"Our dental office is devoted to serving our community and ensuring everyone has affordable access to dental care. We have several payment options available in addition to dental insurance, including Medicaid and CareCredit.","inLanguage":"es-MX","publisher":{"@id":"https:\/\/www.worldofsmilesdentistry.com\/es\/#organization"}}]},"og:locale":"es_MX","og:site_name":"World of Smiles | Our dental office is devoted to serving our community and ensuring everyone has affordable access to dental care. We have several payment options available in addition to dental insurance, including Medicaid and CareCredit.","og:type":"company","og:title":"Orthodontic Appliances in Beaumont | World of Smiles","og:description":"At World of Smiles, we use a variety of appliances to align and straighten teeth, adjust the bite, and improve overall oral health. Here is some helpful information about these appliances.","og:url":"https:\/\/www.worldofsmilesdentistry.com\/es\/services\/orthodontics\/orthodontic-appliances\/","og:image":"https:\/\/www.worldofsmilesdentistry.com\/wp-content\/uploads\/2024\/05\/Orthodontic-Appliances.jpg","og:image:secure_url":"https:\/\/www.worldofsmilesdentistry.com\/wp-content\/uploads\/2024\/05\/Orthodontic-Appliances.jpg","og:image:width":600,"og:image:height":600,"twitter:card":"summary_large_image","twitter:title":"Orthodontic Appliances in Beaumont | World of Smiles","twitter:description":"At World of Smiles, we use a variety of appliances to align and straighten teeth, adjust the bite, and improve overall oral health. Here is some helpful information about these appliances.","twitter:image":"https:\/\/www.worldofsmilesdentistry.com\/wp-content\/uploads\/2021\/12\/logo-300x300-1.png"},"aioseo_meta_data":{"post_id":"3479","title":"#post_title in Beaumont #separator_sa #site_title","description":"#custom_field-Meta_Description","keywords":null,"keyphrases":{"focus":{"keyphrase":"","score":0,"analysis":{"keyphraseInTitle":{"score":0,"maxScore":9,"error":1}}},"additional":[]},"primary_term":null,"canonical_url":null,"og_title":null,"og_description":null,"og_object_type":"default","og_image_type":"default","og_image_url":null,"og_image_width":null,"og_image_height":null,"og_image_custom_url":null,"og_image_custom_fields":null,"og_video":"","og_custom_url":null,"og_article_section":null,"og_article_tags":null,"twitter_use_og":false,"twitter_card":"default","twitter_image_type":"default","twitter_image_url":null,"twitter_image_custom_url":null,"twitter_image_custom_fields":null,"twitter_title":null,"twitter_description":null,"schema":{"blockGraphs":[],"customGraphs":[],"default":{"data":{"Article":[],"Course":[],"Dataset":[],"FAQPage":[],"Movie":[],"Person":[],"Product":[],"ProductReview":[],"Car":[],"Recipe":[],"Service":[],"SoftwareApplication":[],"WebPage":[]},"graphName":"WebPage","isEnabled":true},"graphs":[]},"schema_type":"default","schema_type_options":null,"pillar_content":false,"robots_default":true,"robots_noindex":false,"robots_noarchive":false,"robots_nosnippet":false,"robots_nofollow":false,"robots_noimageindex":false,"robots_noodp":false,"robots_notranslate":false,"robots_max_snippet":"-1","robots_max_videopreview":"-1","robots_max_imagepreview":"large","priority":null,"frequency":"default","local_seo":null,"seo_analyzer_scan_date":"2025-10-24 21:23:40","limit_modified_date":false,"open_ai":"{\"title\":{\"suggestions\":[],\"usage\":0},\"description\":{\"suggestions\":[],\"usage\":0}}","ai":null,"created":"2024-04-15 18:25:51","updated":"2025-10-24 21:23:40"},"aioseo_breadcrumb":"<div class=\"aioseo-breadcrumbs\"><span class=\"aioseo-breadcrumb\">\n\t<a href=\"https:\/\/www.worldofsmilesdentistry.com\/es\" title=\"Home\">Home<\/a>\n<\/span><span class=\"aioseo-breadcrumb-separator\">&raquo;<\/span><span class=\"aioseo-breadcrumb\">\n\t<a href=\"https:\/\/www.worldofsmilesdentistry.com\/es\/services\/\" title=\"Services\">Services<\/a>\n<\/span><span class=\"aioseo-breadcrumb-separator\">&raquo;<\/span><span class=\"aioseo-breadcrumb\">\n\t<a href=\"https:\/\/www.worldofsmilesdentistry.com\/es\/services\/orthodontics\/\" title=\"Orthodontics\">Orthodontics<\/a>\n<\/span><span class=\"aioseo-breadcrumb-separator\">&raquo;<\/span><span class=\"aioseo-breadcrumb\">\n\tOrthodontic Appliances\n<\/span><\/div>","aioseo_breadcrumb_json":[{"label":"Home","link":"https:\/\/www.worldofsmilesdentistry.com\/es"},{"label":"Services","link":"https:\/\/www.worldofsmilesdentistry.com\/es\/services\/"},{"label":"Orthodontics","link":"https:\/\/www.worldofsmilesdentistry.com\/es\/services\/orthodontics\/"},{"label":"Orthodontic Appliances","link":"https:\/\/www.worldofsmilesdentistry.com\/es\/services\/orthodontics\/orthodontic-appliances\/"}],"_links":{"self":[{"href":"https:\/\/www.worldofsmilesdentistry.com\/es\/wp-json\/wp\/v2\/pages\/3479","targetHints":{"allow":["GET"]}}],"collection":[{"href":"https:\/\/www.worldofsmilesdentistry.com\/es\/wp-json\/wp\/v2\/pages"}],"about":[{"href":"https:\/\/www.worldofsmilesdentistry.com\/es\/wp-json\/wp\/v2\/types\/page"}],"author":[{"embeddable":true,"href":"https:\/\/www.worldofsmilesdentistry.com\/es\/wp-json\/wp\/v2\/users\/2"}],"replies":[{"embeddable":true,"href":"https:\/\/www.worldofsmilesdentistry.com\/es\/wp-json\/wp\/v2\/comments?post=3479"}],"version-history":[{"count":0,"href":"https:\/\/www.worldofsmilesdentistry.com\/es\/wp-json\/wp\/v2\/pages\/3479\/revisions"}],"up":[{"embeddable":true,"href":"https:\/\/www.worldofsmilesdentistry.com\/es\/wp-json\/wp\/v2\/pages\/3300"}],"wp:featuredmedia":[{"embeddable":true,"href":"https:\/\/www.worldofsmilesdentistry.com\/es\/wp-json\/wp\/v2\/media\/3650"}],"wp:attachment":[{"href":"https:\/\/www.worldofsmilesdentistry.com\/es\/wp-json\/wp\/v2\/media?parent=3479"}],"curies":[{"name":"wp","href":"https:\/\/api.w.org\/{rel}","templated":true}]}}